{"id":467,"date":"2025-07-05T23:58:00","date_gmt":"2025-07-05T23:58:00","guid":{"rendered":"https:\/\/cocon-concept.fr\/?post_type=product&#038;p=467"},"modified":"2025-12-30T19:29:50","modified_gmt":"2025-12-30T19:29:50","slug":"robe-naya","status":"publish","type":"product","link":"https:\/\/cocon-concept.fr\/en\/product\/robe-naya","title":{"rendered":"Robe NAYA"},"content":{"rendered":"<p>La robe NAYA est une robe en cr\u00eape stretch mat, pens\u00e9e pour sublimer votre silhouette avec \u00e9l\u00e9gance. Les manches courtes offrent une coupe flatteuse. Tandis que la fente horizontale assure une allure f\u00e9minine et moderne. La fermeture zipp\u00e9e s\u00e9parable permet une ouverture facile pour enfiler la robe sans compromettre la ligne \u00e9pur\u00e9e.<\/p>\n<p>La ceinture int\u00e9gr\u00e9e est l&#8217;atout confort : \u00e0 nouer devant ou derri\u00e8re, elle met en valeur la taille avec finesse et s&#8217;adapte \u00e0 votre style du jour.<\/p>\n<ul>\n<li>Coupe pr\u00e8s du corps<\/li>\n<li>Fente avant et zip pour ouvrir compl\u00e8tement<\/li>\n<li>Ceinture int\u00e9gr\u00e9e ajustable, style personnalisable<\/li>\n<li>Tissu cr\u00eape stretch mat : maintien et confort combin\u00e9s.<\/li>\n<\/ul>\n<p>Repassage moyen, lavage \u00e0 30 degr\u00e9s.<\/p>","protected":false},"excerpt":{"rendered":"<p>Sublimez votre silhouette avec cette robe pr\u00e8s du corps, dot\u00e9e d\u2019une fente avant \u00e9l\u00e9gante et d\u2019un zip s\u00e9par\u00e9 pour un port\u00e9 facile. Sa ceinture int\u00e9gr\u00e9e ajustable vous permet de personnaliser votre style. Confectionn\u00e9e en tissu cr\u00eape stretch mat, elle allie maintien, confort et fluidit\u00e9 pour vous accompagner toute la journ\u00e9e.<\/p>","protected":false},"featured_media":357,"comment_status":"open","ping_status":"closed","template":"","meta":[],"product_brand":[],"product_cat":[15],"product_tag":[],"class_list":{"0":"post-467","1":"product","2":"type-product","3":"status-publish","4":"has-post-thumbnail","6":"product_cat-nouvelle-collection","8":"first","9":"instock","10":"purchasable","11":"product-type-variable"},"yoast_head":"<!-- This site is optimized with the Yoast SEO plugin v24.3 - https:\/\/yoast.com\/wordpress\/plugins\/seo\/ -->\n<title>Robe NAYA - Cocon concept<\/title>\n<meta name=\"description\" content=\"Sublimez votre silhouette avec cette robe pr\u00e8s du corps, dot\u00e9e d\u2019une fente avant \u00e9l\u00e9gante et d\u2019un zip s\u00e9par\u00e9 pour un port\u00e9 facile. Sa ceinture int\u00e9gr\u00e9e ajustable vous permet de personnaliser votre style. Confectionn\u00e9e en tissu cr\u00eape stretch mat, elle allie maintien, confort et fluidit\u00e9 pour vous accompagner toute la journ\u00e9e.\" \/>\n<meta name=\"robots\" content=\"index, follow, max-snippet:-1, max-image-preview:large, max-video-preview:-1\" \/>\n<link rel=\"canonical\" href=\"https:\/\/cocon-concept.fr\/en\/product\/robe-naya\/\" \/>\n<meta property=\"og:locale\" content=\"en_US\" \/>\n<meta property=\"og:type\" content=\"article\" \/>\n<meta property=\"og:title\" content=\"Robe NAYA - Cocon concept\" \/>\n<meta property=\"og:description\" content=\"Sublimez votre silhouette avec cette robe pr\u00e8s du corps, dot\u00e9e d\u2019une fente avant \u00e9l\u00e9gante et d\u2019un zip s\u00e9par\u00e9 pour un port\u00e9 facile. Sa ceinture int\u00e9gr\u00e9e ajustable vous permet de personnaliser votre style. Confectionn\u00e9e en tissu cr\u00eape stretch mat, elle allie maintien, confort et fluidit\u00e9 pour vous accompagner toute la journ\u00e9e.\" \/>\n<meta property=\"og:url\" content=\"https:\/\/cocon-concept.fr\/en\/product\/robe-naya\/\" \/>\n<meta property=\"og:site_name\" content=\"Cocon concept\" \/>\n<meta property=\"article:modified_time\" content=\"2025-12-30T19:29:50+00:00\" \/>\n<meta property=\"og:image\" content=\"https:\/\/i0.wp.com\/cocon-concept.fr\/wp-content\/uploads\/2025\/07\/1Q7A9889-scaled.jpeg?fit=1708%2C2560&ssl=1\" \/>\n\t<meta property=\"og:image:width\" content=\"1708\" \/>\n\t<meta property=\"og:image:height\" content=\"2560\" \/>\n\t<meta property=\"og:image:type\" content=\"image\/jpeg\" \/>\n<meta name=\"twitter:card\" content=\"summary_large_image\" \/>\n<meta name=\"twitter:label1\" content=\"Est. reading time\" \/>\n\t<meta name=\"twitter:data1\" content=\"1 minute\" \/>\n<script type=\"application\/ld+json\" class=\"yoast-schema-graph\">{\"@context\":\"https:\/\/schema.org\",\"@graph\":[{\"@type\":\"WebPage\",\"@id\":\"https:\/\/cocon-concept.fr\/produit\/robe-naya\",\"url\":\"https:\/\/cocon-concept.fr\/produit\/robe-naya\",\"name\":\"Robe NAYA - Cocon concept\",\"isPartOf\":{\"@id\":\"https:\/\/cocon-concept.fr\/#website\"},\"primaryImageOfPage\":{\"@id\":\"https:\/\/cocon-concept.fr\/produit\/robe-naya#primaryimage\"},\"image\":{\"@id\":\"https:\/\/cocon-concept.fr\/produit\/robe-naya#primaryimage\"},\"thumbnailUrl\":\"https:\/\/i0.wp.com\/cocon-concept.fr\/wp-content\/uploads\/2025\/07\/1Q7A9889-scaled.jpeg?fit=1708%2C2560&ssl=1\",\"datePublished\":\"2025-07-05T23:58:00+00:00\",\"dateModified\":\"2025-12-30T19:29:50+00:00\",\"description\":\"Sublimez votre silhouette avec cette robe pr\u00e8s du corps, dot\u00e9e d\u2019une fente avant \u00e9l\u00e9gante et d\u2019un zip s\u00e9par\u00e9 pour un port\u00e9 facile. Sa ceinture int\u00e9gr\u00e9e ajustable vous permet de personnaliser votre style. Confectionn\u00e9e en tissu cr\u00eape stretch mat, elle allie maintien, confort et fluidit\u00e9 pour vous accompagner toute la journ\u00e9e.\",\"breadcrumb\":{\"@id\":\"https:\/\/cocon-concept.fr\/produit\/robe-naya#breadcrumb\"},\"inLanguage\":\"en-US\",\"potentialAction\":[{\"@type\":\"ReadAction\",\"target\":[\"https:\/\/cocon-concept.fr\/produit\/robe-naya\"]}]},{\"@type\":\"ImageObject\",\"inLanguage\":\"en-US\",\"@id\":\"https:\/\/cocon-concept.fr\/produit\/robe-naya#primaryimage\",\"url\":\"https:\/\/i0.wp.com\/cocon-concept.fr\/wp-content\/uploads\/2025\/07\/1Q7A9889-scaled.jpeg?fit=1708%2C2560&ssl=1\",\"contentUrl\":\"https:\/\/i0.wp.com\/cocon-concept.fr\/wp-content\/uploads\/2025\/07\/1Q7A9889-scaled.jpeg?fit=1708%2C2560&ssl=1\",\"width\":1708,\"height\":2560},{\"@type\":\"BreadcrumbList\",\"@id\":\"https:\/\/cocon-concept.fr\/produit\/robe-naya#breadcrumb\",\"itemListElement\":[{\"@type\":\"ListItem\",\"position\":1,\"name\":\"Accueil\",\"item\":\"https:\/\/cocon-concept.fr\/\"},{\"@type\":\"ListItem\",\"position\":2,\"name\":\"Boutique\",\"item\":\"https:\/\/cocon-concept.fr\/boutique\"},{\"@type\":\"ListItem\",\"position\":3,\"name\":\"Robe NAYA\"}]},{\"@type\":\"WebSite\",\"@id\":\"https:\/\/cocon-concept.fr\/#website\",\"url\":\"https:\/\/cocon-concept.fr\/\",\"name\":\"Cocon concept\",\"description\":\"\",\"potentialAction\":[{\"@type\":\"SearchAction\",\"target\":{\"@type\":\"EntryPoint\",\"urlTemplate\":\"https:\/\/cocon-concept.fr\/?s={search_term_string}\"},\"query-input\":{\"@type\":\"PropertyValueSpecification\",\"valueRequired\":true,\"valueName\":\"search_term_string\"}}],\"inLanguage\":\"en-US\"}]}<\/script>\n<!-- \/ Yoast SEO plugin. -->","yoast_head_json":{"title":"Robe NAYA - Cocon concept","description":"Sublimez votre silhouette avec cette robe pr\u00e8s du corps, dot\u00e9e d\u2019une fente avant \u00e9l\u00e9gante et d\u2019un zip s\u00e9par\u00e9 pour un port\u00e9 facile. Sa ceinture int\u00e9gr\u00e9e ajustable vous permet de personnaliser votre style. Confectionn\u00e9e en tissu cr\u00eape stretch mat, elle allie maintien, confort et fluidit\u00e9 pour vous accompagner toute la journ\u00e9e.","robots":{"index":"index","follow":"follow","max-snippet":"max-snippet:-1","max-image-preview":"max-image-preview:large","max-video-preview":"max-video-preview:-1"},"canonical":"https:\/\/cocon-concept.fr\/en\/product\/robe-naya\/","og_locale":"en_US","og_type":"article","og_title":"Robe NAYA - Cocon concept","og_description":"Sublimez votre silhouette avec cette robe pr\u00e8s du corps, dot\u00e9e d\u2019une fente avant \u00e9l\u00e9gante et d\u2019un zip s\u00e9par\u00e9 pour un port\u00e9 facile. Sa ceinture int\u00e9gr\u00e9e ajustable vous permet de personnaliser votre style. Confectionn\u00e9e en tissu cr\u00eape stretch mat, elle allie maintien, confort et fluidit\u00e9 pour vous accompagner toute la journ\u00e9e.","og_url":"https:\/\/cocon-concept.fr\/en\/product\/robe-naya\/","og_site_name":"Cocon concept","article_modified_time":"2025-12-30T19:29:50+00:00","og_image":[{"width":1708,"height":2560,"url":"https:\/\/i0.wp.com\/cocon-concept.fr\/wp-content\/uploads\/2025\/07\/1Q7A9889-scaled.jpeg?fit=1708%2C2560&ssl=1","type":"image\/jpeg"}],"twitter_card":"summary_large_image","twitter_misc":{"Est. reading time":"1 minute"},"schema":{"@context":"https:\/\/schema.org","@graph":[{"@type":"WebPage","@id":"https:\/\/cocon-concept.fr\/produit\/robe-naya","url":"https:\/\/cocon-concept.fr\/produit\/robe-naya","name":"Robe NAYA - Cocon concept","isPartOf":{"@id":"https:\/\/cocon-concept.fr\/#website"},"primaryImageOfPage":{"@id":"https:\/\/cocon-concept.fr\/produit\/robe-naya#primaryimage"},"image":{"@id":"https:\/\/cocon-concept.fr\/produit\/robe-naya#primaryimage"},"thumbnailUrl":"https:\/\/i0.wp.com\/cocon-concept.fr\/wp-content\/uploads\/2025\/07\/1Q7A9889-scaled.jpeg?fit=1708%2C2560&ssl=1","datePublished":"2025-07-05T23:58:00+00:00","dateModified":"2025-12-30T19:29:50+00:00","description":"Sublimez votre silhouette avec cette robe pr\u00e8s du corps, dot\u00e9e d\u2019une fente avant \u00e9l\u00e9gante et d\u2019un zip s\u00e9par\u00e9 pour un port\u00e9 facile. Sa ceinture int\u00e9gr\u00e9e ajustable vous permet de personnaliser votre style. Confectionn\u00e9e en tissu cr\u00eape stretch mat, elle allie maintien, confort et fluidit\u00e9 pour vous accompagner toute la journ\u00e9e.","breadcrumb":{"@id":"https:\/\/cocon-concept.fr\/produit\/robe-naya#breadcrumb"},"inLanguage":"en-US","potentialAction":[{"@type":"ReadAction","target":["https:\/\/cocon-concept.fr\/produit\/robe-naya"]}]},{"@type":"ImageObject","inLanguage":"en-US","@id":"https:\/\/cocon-concept.fr\/produit\/robe-naya#primaryimage","url":"https:\/\/i0.wp.com\/cocon-concept.fr\/wp-content\/uploads\/2025\/07\/1Q7A9889-scaled.jpeg?fit=1708%2C2560&ssl=1","contentUrl":"https:\/\/i0.wp.com\/cocon-concept.fr\/wp-content\/uploads\/2025\/07\/1Q7A9889-scaled.jpeg?fit=1708%2C2560&ssl=1","width":1708,"height":2560},{"@type":"BreadcrumbList","@id":"https:\/\/cocon-concept.fr\/produit\/robe-naya#breadcrumb","itemListElement":[{"@type":"ListItem","position":1,"name":"Accueil","item":"https:\/\/cocon-concept.fr\/"},{"@type":"ListItem","position":2,"name":"Boutique","item":"https:\/\/cocon-concept.fr\/boutique"},{"@type":"ListItem","position":3,"name":"Robe NAYA"}]},{"@type":"WebSite","@id":"https:\/\/cocon-concept.fr\/#website","url":"https:\/\/cocon-concept.fr\/","name":"Cocon concept","description":"","potentialAction":[{"@type":"SearchAction","target":{"@type":"EntryPoint","urlTemplate":"https:\/\/cocon-concept.fr\/?s={search_term_string}"},"query-input":{"@type":"PropertyValueSpecification","valueRequired":true,"valueName":"search_term_string"}}],"inLanguage":"en-US"}]}},"jetpack_sharing_enabled":true,"_links":{"self":[{"href":"https:\/\/cocon-concept.fr\/en\/wp-json\/wp\/v2\/product\/467","targetHints":{"allow":["GET"]}}],"collection":[{"href":"https:\/\/cocon-concept.fr\/en\/wp-json\/wp\/v2\/product"}],"about":[{"href":"https:\/\/cocon-concept.fr\/en\/wp-json\/wp\/v2\/types\/product"}],"replies":[{"embeddable":true,"href":"https:\/\/cocon-concept.fr\/en\/wp-json\/wp\/v2\/comments?post=467"}],"wp:featuredmedia":[{"embeddable":true,"href":"https:\/\/cocon-concept.fr\/en\/wp-json\/wp\/v2\/media\/357"}],"wp:attachment":[{"href":"https:\/\/cocon-concept.fr\/en\/wp-json\/wp\/v2\/media?parent=467"}],"wp:term":[{"taxonomy":"product_brand","embeddable":true,"href":"https:\/\/cocon-concept.fr\/en\/wp-json\/wp\/v2\/product_brand?post=467"},{"taxonomy":"product_cat","embeddable":true,"href":"https:\/\/cocon-concept.fr\/en\/wp-json\/wp\/v2\/product_cat?post=467"},{"taxonomy":"product_tag","embeddable":true,"href":"https:\/\/cocon-concept.fr\/en\/wp-json\/wp\/v2\/product_tag?post=467"}],"curies":[{"name":"wp","href":"https:\/\/api.w.org\/{rel}","templated":true}]}}