{"id":454,"date":"2025-07-05T23:55:14","date_gmt":"2025-07-05T23:55:14","guid":{"rendered":"https:\/\/cocon-concept.fr\/?post_type=product&#038;p=454"},"modified":"2025-12-30T20:41:55","modified_gmt":"2025-12-30T20:41:55","slug":"cache-coeur-saya","status":"publish","type":"product","link":"https:\/\/cocon-concept.fr\/en\/product\/cache-coeur-saya","title":{"rendered":"Cache-c\u0153ur SAYA"},"content":{"rendered":"<p>Le cache-coeur SAYA est le haut \u00e0 manches bouffantes 3\/4 avec \u00e9lastiques aux poignets, fermeture cache-coeur et ceinture \u00e0 nouer pour sublimer la taille. Confectionn\u00e9 dans un tissu 100% coton imprim\u00e9 et en cr\u00eape stretch mat, il offre l&#8217;\u00e9quilibre parfait entre style et confort.<\/p>\n<p>Les manches bouffantes apportent un volume tendance et garantissent le confort. Le cache-coeur \u00e0 nouer permet de mettre en valeur votre taille et de l&#8217;ajuster de fa\u00e7on personnalis\u00e9e.<\/p>\n<p>Les tissus choisis sont de qualit\u00e9 avec le coton imprim\u00e9 apportant ce c\u00f4t\u00e9 respirant et le cr\u00eape stretch mat le c\u00f4t\u00e9 confortable.<\/p>\n<p>Repassage moyen, lavage \u00e0 30 degr\u00e9s pour les deux tissus.<\/p>","protected":false},"excerpt":{"rendered":"<p>Le haut cache-c\u0153ur SAYA, avec ses manches bouffantes 3\/4 et sa ceinture \u00e0 nouer, sublime votre taille tout en offrant un style chic et tendance. Confectionn\u00e9 en coton imprim\u00e9 respirant et cr\u00eape stretch mat confortable, il allie \u00e9l\u00e9gance et bien-\u00eatre au quotidien. Facile \u00e0 entretenir, il devient votre alli\u00e9 mode indispensable.<\/p>","protected":false},"featured_media":389,"comment_status":"open","ping_status":"closed","template":"","meta":[],"product_brand":[],"product_cat":[15,19],"product_tag":[],"class_list":{"0":"post-454","1":"product","2":"type-product","3":"status-publish","4":"has-post-thumbnail","6":"product_cat-nouvelle-collection","7":"product_cat-ensembles","9":"first","10":"instock","11":"purchasable","12":"product-type-variable"},"yoast_head":"<!-- This site is optimized with the Yoast SEO plugin v24.3 - https:\/\/yoast.com\/wordpress\/plugins\/seo\/ -->\n<title>Cache-c\u0153ur SAYA - Cocon concept<\/title>\n<meta name=\"description\" content=\"Le haut cache-c\u0153ur SAYA, avec ses manches bouffantes 3\/4 et sa ceinture \u00e0 nouer, sublime votre taille tout en offrant un style chic et tendance. Confectionn\u00e9 en coton imprim\u00e9 respirant et cr\u00eape stretch mat confortable, il allie \u00e9l\u00e9gance et bien-\u00eatre au quotidien. Facile \u00e0 entretenir, il devient votre alli\u00e9 mode indispensable.\" \/>\n<meta name=\"robots\" content=\"index, follow, max-snippet:-1, max-image-preview:large, max-video-preview:-1\" \/>\n<link rel=\"canonical\" href=\"https:\/\/cocon-concept.fr\/en\/product\/cache-coeur-saya\/\" \/>\n<meta property=\"og:locale\" content=\"en_US\" \/>\n<meta property=\"og:type\" content=\"article\" \/>\n<meta property=\"og:title\" content=\"Cache-c\u0153ur SAYA - Cocon concept\" \/>\n<meta property=\"og:description\" content=\"Le haut cache-c\u0153ur SAYA, avec ses manches bouffantes 3\/4 et sa ceinture \u00e0 nouer, sublime votre taille tout en offrant un style chic et tendance. Confectionn\u00e9 en coton imprim\u00e9 respirant et cr\u00eape stretch mat confortable, il allie \u00e9l\u00e9gance et bien-\u00eatre au quotidien. Facile \u00e0 entretenir, il devient votre alli\u00e9 mode indispensable.\" \/>\n<meta property=\"og:url\" content=\"https:\/\/cocon-concept.fr\/en\/product\/cache-coeur-saya\/\" \/>\n<meta property=\"og:site_name\" content=\"Cocon concept\" \/>\n<meta property=\"article:modified_time\" content=\"2025-12-30T20:41:55+00:00\" \/>\n<meta property=\"og:image\" content=\"https:\/\/i0.wp.com\/cocon-concept.fr\/wp-content\/uploads\/2025\/07\/1Q7A0518-scaled.jpeg?fit=1707%2C2560&ssl=1\" \/>\n\t<meta property=\"og:image:width\" content=\"1707\" \/>\n\t<meta property=\"og:image:height\" content=\"2560\" \/>\n\t<meta property=\"og:image:type\" content=\"image\/jpeg\" \/>\n<meta name=\"twitter:card\" content=\"summary_large_image\" \/>\n<meta name=\"twitter:label1\" content=\"Est. reading time\" \/>\n\t<meta name=\"twitter:data1\" content=\"1 minute\" \/>\n<script type=\"application\/ld+json\" class=\"yoast-schema-graph\">{\"@context\":\"https:\/\/schema.org\",\"@graph\":[{\"@type\":\"WebPage\",\"@id\":\"https:\/\/cocon-concept.fr\/produit\/cache-coeur-saya\",\"url\":\"https:\/\/cocon-concept.fr\/produit\/cache-coeur-saya\",\"name\":\"Cache-c\u0153ur SAYA - Cocon concept\",\"isPartOf\":{\"@id\":\"https:\/\/cocon-concept.fr\/#website\"},\"primaryImageOfPage\":{\"@id\":\"https:\/\/cocon-concept.fr\/produit\/cache-coeur-saya#primaryimage\"},\"image\":{\"@id\":\"https:\/\/cocon-concept.fr\/produit\/cache-coeur-saya#primaryimage\"},\"thumbnailUrl\":\"https:\/\/i0.wp.com\/cocon-concept.fr\/wp-content\/uploads\/2025\/07\/1Q7A0518-scaled.jpeg?fit=1707%2C2560&ssl=1\",\"datePublished\":\"2025-07-05T23:55:14+00:00\",\"dateModified\":\"2025-12-30T20:41:55+00:00\",\"description\":\"Le haut cache-c\u0153ur SAYA, avec ses manches bouffantes 3\/4 et sa ceinture \u00e0 nouer, sublime votre taille tout en offrant un style chic et tendance. Confectionn\u00e9 en coton imprim\u00e9 respirant et cr\u00eape stretch mat confortable, il allie \u00e9l\u00e9gance et bien-\u00eatre au quotidien. Facile \u00e0 entretenir, il devient votre alli\u00e9 mode indispensable.\",\"breadcrumb\":{\"@id\":\"https:\/\/cocon-concept.fr\/produit\/cache-coeur-saya#breadcrumb\"},\"inLanguage\":\"en-US\",\"potentialAction\":[{\"@type\":\"ReadAction\",\"target\":[\"https:\/\/cocon-concept.fr\/produit\/cache-coeur-saya\"]}]},{\"@type\":\"ImageObject\",\"inLanguage\":\"en-US\",\"@id\":\"https:\/\/cocon-concept.fr\/produit\/cache-coeur-saya#primaryimage\",\"url\":\"https:\/\/i0.wp.com\/cocon-concept.fr\/wp-content\/uploads\/2025\/07\/1Q7A0518-scaled.jpeg?fit=1707%2C2560&ssl=1\",\"contentUrl\":\"https:\/\/i0.wp.com\/cocon-concept.fr\/wp-content\/uploads\/2025\/07\/1Q7A0518-scaled.jpeg?fit=1707%2C2560&ssl=1\",\"width\":1707,\"height\":2560},{\"@type\":\"BreadcrumbList\",\"@id\":\"https:\/\/cocon-concept.fr\/produit\/cache-coeur-saya#breadcrumb\",\"itemListElement\":[{\"@type\":\"ListItem\",\"position\":1,\"name\":\"Accueil\",\"item\":\"https:\/\/cocon-concept.fr\/\"},{\"@type\":\"ListItem\",\"position\":2,\"name\":\"Boutique\",\"item\":\"https:\/\/cocon-concept.fr\/boutique\"},{\"@type\":\"ListItem\",\"position\":3,\"name\":\"Cache-c\u0153ur SAYA\"}]},{\"@type\":\"WebSite\",\"@id\":\"https:\/\/cocon-concept.fr\/#website\",\"url\":\"https:\/\/cocon-concept.fr\/\",\"name\":\"Cocon concept\",\"description\":\"\",\"potentialAction\":[{\"@type\":\"SearchAction\",\"target\":{\"@type\":\"EntryPoint\",\"urlTemplate\":\"https:\/\/cocon-concept.fr\/?s={search_term_string}\"},\"query-input\":{\"@type\":\"PropertyValueSpecification\",\"valueRequired\":true,\"valueName\":\"search_term_string\"}}],\"inLanguage\":\"en-US\"}]}<\/script>\n<!-- \/ Yoast SEO plugin. -->","yoast_head_json":{"title":"Cache-c\u0153ur SAYA - Cocon concept","description":"Le haut cache-c\u0153ur SAYA, avec ses manches bouffantes 3\/4 et sa ceinture \u00e0 nouer, sublime votre taille tout en offrant un style chic et tendance. Confectionn\u00e9 en coton imprim\u00e9 respirant et cr\u00eape stretch mat confortable, il allie \u00e9l\u00e9gance et bien-\u00eatre au quotidien. Facile \u00e0 entretenir, il devient votre alli\u00e9 mode indispensable.","robots":{"index":"index","follow":"follow","max-snippet":"max-snippet:-1","max-image-preview":"max-image-preview:large","max-video-preview":"max-video-preview:-1"},"canonical":"https:\/\/cocon-concept.fr\/en\/product\/cache-coeur-saya\/","og_locale":"en_US","og_type":"article","og_title":"Cache-c\u0153ur SAYA - Cocon concept","og_description":"Le haut cache-c\u0153ur SAYA, avec ses manches bouffantes 3\/4 et sa ceinture \u00e0 nouer, sublime votre taille tout en offrant un style chic et tendance. Confectionn\u00e9 en coton imprim\u00e9 respirant et cr\u00eape stretch mat confortable, il allie \u00e9l\u00e9gance et bien-\u00eatre au quotidien. Facile \u00e0 entretenir, il devient votre alli\u00e9 mode indispensable.","og_url":"https:\/\/cocon-concept.fr\/en\/product\/cache-coeur-saya\/","og_site_name":"Cocon concept","article_modified_time":"2025-12-30T20:41:55+00:00","og_image":[{"width":1707,"height":2560,"url":"https:\/\/i0.wp.com\/cocon-concept.fr\/wp-content\/uploads\/2025\/07\/1Q7A0518-scaled.jpeg?fit=1707%2C2560&ssl=1","type":"image\/jpeg"}],"twitter_card":"summary_large_image","twitter_misc":{"Est. reading time":"1 minute"},"schema":{"@context":"https:\/\/schema.org","@graph":[{"@type":"WebPage","@id":"https:\/\/cocon-concept.fr\/produit\/cache-coeur-saya","url":"https:\/\/cocon-concept.fr\/produit\/cache-coeur-saya","name":"Cache-c\u0153ur SAYA - Cocon concept","isPartOf":{"@id":"https:\/\/cocon-concept.fr\/#website"},"primaryImageOfPage":{"@id":"https:\/\/cocon-concept.fr\/produit\/cache-coeur-saya#primaryimage"},"image":{"@id":"https:\/\/cocon-concept.fr\/produit\/cache-coeur-saya#primaryimage"},"thumbnailUrl":"https:\/\/i0.wp.com\/cocon-concept.fr\/wp-content\/uploads\/2025\/07\/1Q7A0518-scaled.jpeg?fit=1707%2C2560&ssl=1","datePublished":"2025-07-05T23:55:14+00:00","dateModified":"2025-12-30T20:41:55+00:00","description":"Le haut cache-c\u0153ur SAYA, avec ses manches bouffantes 3\/4 et sa ceinture \u00e0 nouer, sublime votre taille tout en offrant un style chic et tendance. Confectionn\u00e9 en coton imprim\u00e9 respirant et cr\u00eape stretch mat confortable, il allie \u00e9l\u00e9gance et bien-\u00eatre au quotidien. Facile \u00e0 entretenir, il devient votre alli\u00e9 mode indispensable.","breadcrumb":{"@id":"https:\/\/cocon-concept.fr\/produit\/cache-coeur-saya#breadcrumb"},"inLanguage":"en-US","potentialAction":[{"@type":"ReadAction","target":["https:\/\/cocon-concept.fr\/produit\/cache-coeur-saya"]}]},{"@type":"ImageObject","inLanguage":"en-US","@id":"https:\/\/cocon-concept.fr\/produit\/cache-coeur-saya#primaryimage","url":"https:\/\/i0.wp.com\/cocon-concept.fr\/wp-content\/uploads\/2025\/07\/1Q7A0518-scaled.jpeg?fit=1707%2C2560&ssl=1","contentUrl":"https:\/\/i0.wp.com\/cocon-concept.fr\/wp-content\/uploads\/2025\/07\/1Q7A0518-scaled.jpeg?fit=1707%2C2560&ssl=1","width":1707,"height":2560},{"@type":"BreadcrumbList","@id":"https:\/\/cocon-concept.fr\/produit\/cache-coeur-saya#breadcrumb","itemListElement":[{"@type":"ListItem","position":1,"name":"Accueil","item":"https:\/\/cocon-concept.fr\/"},{"@type":"ListItem","position":2,"name":"Boutique","item":"https:\/\/cocon-concept.fr\/boutique"},{"@type":"ListItem","position":3,"name":"Cache-c\u0153ur SAYA"}]},{"@type":"WebSite","@id":"https:\/\/cocon-concept.fr\/#website","url":"https:\/\/cocon-concept.fr\/","name":"Cocon concept","description":"","potentialAction":[{"@type":"SearchAction","target":{"@type":"EntryPoint","urlTemplate":"https:\/\/cocon-concept.fr\/?s={search_term_string}"},"query-input":{"@type":"PropertyValueSpecification","valueRequired":true,"valueName":"search_term_string"}}],"inLanguage":"en-US"}]}},"jetpack_sharing_enabled":true,"_links":{"self":[{"href":"https:\/\/cocon-concept.fr\/en\/wp-json\/wp\/v2\/product\/454","targetHints":{"allow":["GET"]}}],"collection":[{"href":"https:\/\/cocon-concept.fr\/en\/wp-json\/wp\/v2\/product"}],"about":[{"href":"https:\/\/cocon-concept.fr\/en\/wp-json\/wp\/v2\/types\/product"}],"replies":[{"embeddable":true,"href":"https:\/\/cocon-concept.fr\/en\/wp-json\/wp\/v2\/comments?post=454"}],"wp:featuredmedia":[{"embeddable":true,"href":"https:\/\/cocon-concept.fr\/en\/wp-json\/wp\/v2\/media\/389"}],"wp:attachment":[{"href":"https:\/\/cocon-concept.fr\/en\/wp-json\/wp\/v2\/media?parent=454"}],"wp:term":[{"taxonomy":"product_brand","embeddable":true,"href":"https:\/\/cocon-concept.fr\/en\/wp-json\/wp\/v2\/product_brand?post=454"},{"taxonomy":"product_cat","embeddable":true,"href":"https:\/\/cocon-concept.fr\/en\/wp-json\/wp\/v2\/product_cat?post=454"},{"taxonomy":"product_tag","embeddable":true,"href":"https:\/\/cocon-concept.fr\/en\/wp-json\/wp\/v2\/product_tag?post=454"}],"curies":[{"name":"wp","href":"https:\/\/api.w.org\/{rel}","templated":true}]}}