{"id":441,"date":"2025-07-05T23:47:20","date_gmt":"2025-07-05T23:47:20","guid":{"rendered":"https:\/\/cocon-concept.fr\/?post_type=product&#038;p=441"},"modified":"2025-12-30T20:42:19","modified_gmt":"2025-12-30T20:42:19","slug":"jupe-saya-2","status":"publish","type":"product","link":"https:\/\/cocon-concept.fr\/en\/product\/jupe-saya-2","title":{"rendered":"Jupe SAYA"},"content":{"rendered":"","protected":false},"excerpt":{"rendered":"","protected":false},"featured_media":422,"comment_status":"open","ping_status":"closed","template":"","meta":[],"product_brand":[],"product_cat":[15,19],"product_tag":[],"class_list":{"0":"post-441","1":"product","2":"type-product","3":"status-publish","4":"has-post-thumbnail","6":"product_cat-nouvelle-collection","7":"product_cat-ensembles","9":"first","10":"instock","11":"purchasable","12":"product-type-variable"},"yoast_head":"<!-- This site is optimized with the Yoast SEO plugin v24.3 - https:\/\/yoast.com\/wordpress\/plugins\/seo\/ -->\n<title>Jupe SAYA - Cocon concept<\/title>\n<meta name=\"description\" content=\"La jupe crayon SAYA allie \u00e9l\u00e9gance et confort avec sa coupe ajust\u00e9e, sa bande \u00e9lastique au dos, sa fermeture \u00e9clair discr\u00e8te et ses poches pratiques. Confectionn\u00e9e en coton imprim\u00e9 respirant et cr\u00eape stretch mat, elle offre libert\u00e9 de mouvement gr\u00e2ce \u00e0 sa fente arri\u00e8re sophistiqu\u00e9e. Entretien facile pour un style impeccable au quotidien.\" \/>\n<meta name=\"robots\" content=\"index, follow, max-snippet:-1, max-image-preview:large, max-video-preview:-1\" \/>\n<link rel=\"canonical\" href=\"https:\/\/cocon-concept.fr\/en\/product\/jupe-saya-2\/\" \/>\n<meta property=\"og:locale\" content=\"en_US\" \/>\n<meta property=\"og:type\" content=\"article\" \/>\n<meta property=\"og:title\" content=\"Jupe SAYA - Cocon concept\" \/>\n<meta property=\"og:description\" content=\"La jupe crayon SAYA allie \u00e9l\u00e9gance et confort avec sa coupe ajust\u00e9e, sa bande \u00e9lastique au dos, sa fermeture \u00e9clair discr\u00e8te et ses poches pratiques. Confectionn\u00e9e en coton imprim\u00e9 respirant et cr\u00eape stretch mat, elle offre libert\u00e9 de mouvement gr\u00e2ce \u00e0 sa fente arri\u00e8re sophistiqu\u00e9e. Entretien facile pour un style impeccable au quotidien.\" \/>\n<meta property=\"og:url\" content=\"https:\/\/cocon-concept.fr\/en\/product\/jupe-saya-2\/\" \/>\n<meta property=\"og:site_name\" content=\"Cocon concept\" \/>\n<meta property=\"article:modified_time\" content=\"2025-12-30T20:42:19+00:00\" \/>\n<meta property=\"og:image\" content=\"https:\/\/cocon-concept.fr\/wp-content\/uploads\/2025\/07\/Ouvrir-IMG_1702-576x1024.png\" \/>\n\t<meta property=\"og:image:width\" content=\"576\" \/>\n\t<meta property=\"og:image:height\" content=\"1024\" \/>\n\t<meta property=\"og:image:type\" content=\"image\/png\" \/>\n<meta name=\"twitter:card\" content=\"summary_large_image\" \/>\n<meta name=\"twitter:label1\" content=\"Est. reading time\" \/>\n\t<meta name=\"twitter:data1\" content=\"1 minute\" \/>\n<script type=\"application\/ld+json\" class=\"yoast-schema-graph\">{\"@context\":\"https:\/\/schema.org\",\"@graph\":[{\"@type\":\"WebPage\",\"@id\":\"https:\/\/cocon-concept.fr\/produit\/jupe-saya-2\",\"url\":\"https:\/\/cocon-concept.fr\/produit\/jupe-saya-2\",\"name\":\"Jupe SAYA - Cocon concept\",\"isPartOf\":{\"@id\":\"https:\/\/cocon-concept.fr\/#website\"},\"primaryImageOfPage\":{\"@id\":\"https:\/\/cocon-concept.fr\/produit\/jupe-saya-2#primaryimage\"},\"image\":{\"@id\":\"https:\/\/cocon-concept.fr\/produit\/jupe-saya-2#primaryimage\"},\"thumbnailUrl\":\"https:\/\/i0.wp.com\/cocon-concept.fr\/wp-content\/uploads\/2025\/07\/Ouvrir-IMG_1702.png?fit=1327%2C2360&ssl=1\",\"datePublished\":\"2025-07-05T23:47:20+00:00\",\"dateModified\":\"2025-12-30T20:42:19+00:00\",\"description\":\"La jupe crayon SAYA allie \u00e9l\u00e9gance et confort avec sa coupe ajust\u00e9e, sa bande \u00e9lastique au dos, sa fermeture \u00e9clair discr\u00e8te et ses poches pratiques. Confectionn\u00e9e en coton imprim\u00e9 respirant et cr\u00eape stretch mat, elle offre libert\u00e9 de mouvement gr\u00e2ce \u00e0 sa fente arri\u00e8re sophistiqu\u00e9e. Entretien facile pour un style impeccable au quotidien.\",\"breadcrumb\":{\"@id\":\"https:\/\/cocon-concept.fr\/produit\/jupe-saya-2#breadcrumb\"},\"inLanguage\":\"en-US\",\"potentialAction\":[{\"@type\":\"ReadAction\",\"target\":[\"https:\/\/cocon-concept.fr\/produit\/jupe-saya-2\"]}]},{\"@type\":\"ImageObject\",\"inLanguage\":\"en-US\",\"@id\":\"https:\/\/cocon-concept.fr\/produit\/jupe-saya-2#primaryimage\",\"url\":\"https:\/\/i0.wp.com\/cocon-concept.fr\/wp-content\/uploads\/2025\/07\/Ouvrir-IMG_1702.png?fit=1327%2C2360&ssl=1\",\"contentUrl\":\"https:\/\/i0.wp.com\/cocon-concept.fr\/wp-content\/uploads\/2025\/07\/Ouvrir-IMG_1702.png?fit=1327%2C2360&ssl=1\",\"width\":1327,\"height\":2360},{\"@type\":\"BreadcrumbList\",\"@id\":\"https:\/\/cocon-concept.fr\/produit\/jupe-saya-2#breadcrumb\",\"itemListElement\":[{\"@type\":\"ListItem\",\"position\":1,\"name\":\"Accueil\",\"item\":\"https:\/\/cocon-concept.fr\/\"},{\"@type\":\"ListItem\",\"position\":2,\"name\":\"Boutique\",\"item\":\"https:\/\/cocon-concept.fr\/boutique\"},{\"@type\":\"ListItem\",\"position\":3,\"name\":\"Jupe SAYA\"}]},{\"@type\":\"WebSite\",\"@id\":\"https:\/\/cocon-concept.fr\/#website\",\"url\":\"https:\/\/cocon-concept.fr\/\",\"name\":\"Cocon concept\",\"description\":\"\",\"potentialAction\":[{\"@type\":\"SearchAction\",\"target\":{\"@type\":\"EntryPoint\",\"urlTemplate\":\"https:\/\/cocon-concept.fr\/?s={search_term_string}\"},\"query-input\":{\"@type\":\"PropertyValueSpecification\",\"valueRequired\":true,\"valueName\":\"search_term_string\"}}],\"inLanguage\":\"en-US\"}]}<\/script>\n<!-- \/ Yoast SEO plugin. -->","yoast_head_json":{"title":"Jupe SAYA - Cocon concept","description":"La jupe crayon SAYA allie \u00e9l\u00e9gance et confort avec sa coupe ajust\u00e9e, sa bande \u00e9lastique au dos, sa fermeture \u00e9clair discr\u00e8te et ses poches pratiques. Confectionn\u00e9e en coton imprim\u00e9 respirant et cr\u00eape stretch mat, elle offre libert\u00e9 de mouvement gr\u00e2ce \u00e0 sa fente arri\u00e8re sophistiqu\u00e9e. Entretien facile pour un style impeccable au quotidien.","robots":{"index":"index","follow":"follow","max-snippet":"max-snippet:-1","max-image-preview":"max-image-preview:large","max-video-preview":"max-video-preview:-1"},"canonical":"https:\/\/cocon-concept.fr\/en\/product\/jupe-saya-2\/","og_locale":"en_US","og_type":"article","og_title":"Jupe SAYA - Cocon concept","og_description":"La jupe crayon SAYA allie \u00e9l\u00e9gance et confort avec sa coupe ajust\u00e9e, sa bande \u00e9lastique au dos, sa fermeture \u00e9clair discr\u00e8te et ses poches pratiques. Confectionn\u00e9e en coton imprim\u00e9 respirant et cr\u00eape stretch mat, elle offre libert\u00e9 de mouvement gr\u00e2ce \u00e0 sa fente arri\u00e8re sophistiqu\u00e9e. Entretien facile pour un style impeccable au quotidien.","og_url":"https:\/\/cocon-concept.fr\/en\/product\/jupe-saya-2\/","og_site_name":"Cocon concept","article_modified_time":"2025-12-30T20:42:19+00:00","og_image":[{"width":576,"height":1024,"url":"https:\/\/cocon-concept.fr\/wp-content\/uploads\/2025\/07\/Ouvrir-IMG_1702-576x1024.png","type":"image\/png"}],"twitter_card":"summary_large_image","twitter_misc":{"Est. reading time":"1 minute"},"schema":{"@context":"https:\/\/schema.org","@graph":[{"@type":"WebPage","@id":"https:\/\/cocon-concept.fr\/produit\/jupe-saya-2","url":"https:\/\/cocon-concept.fr\/produit\/jupe-saya-2","name":"Jupe SAYA - Cocon concept","isPartOf":{"@id":"https:\/\/cocon-concept.fr\/#website"},"primaryImageOfPage":{"@id":"https:\/\/cocon-concept.fr\/produit\/jupe-saya-2#primaryimage"},"image":{"@id":"https:\/\/cocon-concept.fr\/produit\/jupe-saya-2#primaryimage"},"thumbnailUrl":"https:\/\/i0.wp.com\/cocon-concept.fr\/wp-content\/uploads\/2025\/07\/Ouvrir-IMG_1702.png?fit=1327%2C2360&ssl=1","datePublished":"2025-07-05T23:47:20+00:00","dateModified":"2025-12-30T20:42:19+00:00","description":"La jupe crayon SAYA allie \u00e9l\u00e9gance et confort avec sa coupe ajust\u00e9e, sa bande \u00e9lastique au dos, sa fermeture \u00e9clair discr\u00e8te et ses poches pratiques. Confectionn\u00e9e en coton imprim\u00e9 respirant et cr\u00eape stretch mat, elle offre libert\u00e9 de mouvement gr\u00e2ce \u00e0 sa fente arri\u00e8re sophistiqu\u00e9e. Entretien facile pour un style impeccable au quotidien.","breadcrumb":{"@id":"https:\/\/cocon-concept.fr\/produit\/jupe-saya-2#breadcrumb"},"inLanguage":"en-US","potentialAction":[{"@type":"ReadAction","target":["https:\/\/cocon-concept.fr\/produit\/jupe-saya-2"]}]},{"@type":"ImageObject","inLanguage":"en-US","@id":"https:\/\/cocon-concept.fr\/produit\/jupe-saya-2#primaryimage","url":"https:\/\/i0.wp.com\/cocon-concept.fr\/wp-content\/uploads\/2025\/07\/Ouvrir-IMG_1702.png?fit=1327%2C2360&ssl=1","contentUrl":"https:\/\/i0.wp.com\/cocon-concept.fr\/wp-content\/uploads\/2025\/07\/Ouvrir-IMG_1702.png?fit=1327%2C2360&ssl=1","width":1327,"height":2360},{"@type":"BreadcrumbList","@id":"https:\/\/cocon-concept.fr\/produit\/jupe-saya-2#breadcrumb","itemListElement":[{"@type":"ListItem","position":1,"name":"Accueil","item":"https:\/\/cocon-concept.fr\/"},{"@type":"ListItem","position":2,"name":"Boutique","item":"https:\/\/cocon-concept.fr\/boutique"},{"@type":"ListItem","position":3,"name":"Jupe SAYA"}]},{"@type":"WebSite","@id":"https:\/\/cocon-concept.fr\/#website","url":"https:\/\/cocon-concept.fr\/","name":"Cocon concept","description":"","potentialAction":[{"@type":"SearchAction","target":{"@type":"EntryPoint","urlTemplate":"https:\/\/cocon-concept.fr\/?s={search_term_string}"},"query-input":{"@type":"PropertyValueSpecification","valueRequired":true,"valueName":"search_term_string"}}],"inLanguage":"en-US"}]}},"jetpack_sharing_enabled":true,"_links":{"self":[{"href":"https:\/\/cocon-concept.fr\/en\/wp-json\/wp\/v2\/product\/441","targetHints":{"allow":["GET"]}}],"collection":[{"href":"https:\/\/cocon-concept.fr\/en\/wp-json\/wp\/v2\/product"}],"about":[{"href":"https:\/\/cocon-concept.fr\/en\/wp-json\/wp\/v2\/types\/product"}],"replies":[{"embeddable":true,"href":"https:\/\/cocon-concept.fr\/en\/wp-json\/wp\/v2\/comments?post=441"}],"wp:featuredmedia":[{"embeddable":true,"href":"https:\/\/cocon-concept.fr\/en\/wp-json\/wp\/v2\/media\/422"}],"wp:attachment":[{"href":"https:\/\/cocon-concept.fr\/en\/wp-json\/wp\/v2\/media?parent=441"}],"wp:term":[{"taxonomy":"product_brand","embeddable":true,"href":"https:\/\/cocon-concept.fr\/en\/wp-json\/wp\/v2\/product_brand?post=441"},{"taxonomy":"product_cat","embeddable":true,"href":"https:\/\/cocon-concept.fr\/en\/wp-json\/wp\/v2\/product_cat?post=441"},{"taxonomy":"product_tag","embeddable":true,"href":"https:\/\/cocon-concept.fr\/en\/wp-json\/wp\/v2\/product_tag?post=441"}],"curies":[{"name":"wp","href":"https:\/\/api.w.org\/{rel}","templated":true}]}}