{"id":127,"date":"2024-04-18T20:59:18","date_gmt":"2024-04-18T20:59:18","guid":{"rendered":"http:\/\/cocon-concept.fr\/?post_type=product&#038;p=127"},"modified":"2026-05-06T16:15:34","modified_gmt":"2026-05-06T16:15:34","slug":"dolce-beige","status":"publish","type":"product","link":"https:\/\/cocon-concept.fr\/en\/product\/dolce-beige","title":{"rendered":"Dolce - Old Pink"},"content":{"rendered":"[FR\u00a0\ud83c\uddeb\ud83c\uddf7]\n<p>D\u00e9couvrez la Dolce : une pi\u00e8ce incontournable au design <strong>\u00e9l\u00e9gant et raffin\u00e9<\/strong>, confectionn\u00e9e avec soin \u00e0 partir de tissus de haute qualit\u00e9 pour une <strong>sensation de douceur et de l\u00e9g\u00e8ret\u00e9<\/strong>.<\/p>\n<p>Sa coupe fluide met en valeur votre silhouette avec \u00e9l\u00e9gance, accentu\u00e9e par une ceinture \u00e9lastique ajustable et un lacet d\u00e9licat au dos pour un <strong>ajustement personnalis\u00e9<\/strong> du d\u00e9collet\u00e9.<\/p>\n<p>Dot\u00e9e de fentes lat\u00e9rales et d&#8217;une longueur \u00e9l\u00e9gante, cette robe allie <strong>modernit\u00e9 et f\u00e9minit\u00e9<\/strong> pour une tenue polyvalente, confortable et sophistiqu\u00e9e.<\/p>\n<p>Ajoutez-la d\u00e8s maintenant \u00e0 votre <strong>garde-robe<\/strong> pour son charme intemporel.<\/p>\n<p>&nbsp;<\/p>\n[EN\u00a0\ud83c\uddec\ud83c\udde7]\n<p>Discover the Dolce: a must-have piece with <strong>an elegant, refined design<\/strong>, carefully crafted from high-quality fabrics for <strong>a soft, lightweight feel<\/strong>.<\/p>\n<p>Its flowing cut enhances your figure with elegance, accentuated by an adjustable elastic waistband and a delicate lace-up back for a <strong>customised neckline<\/strong>.<\/p>\n<p>With side slits and an elegant length, this dress combines <strong>modernity and femininity<\/strong> for a versatile, comfortable and sophisticated outfit.<\/p>\n<p>Add it to your <strong>wardrobe<\/strong> now for its timeless charm.<\/p>","protected":false},"excerpt":{"rendered":"[FR\u00a0\ud83c\uddeb\ud83c\uddf7] D\u00e9couvrez la Dolce : une pi\u00e8ce incontournable au design \u00e9l\u00e9gant et raffin\u00e9, confectionn\u00e9e avec soin \u00e0 partir de tissus de haute qualit\u00e9 pour une sensation de douceur et de l\u00e9g\u00e8ret\u00e9. Sa coupe fluide met en valeur votre silhouette avec \u00e9l\u00e9gance, accentu\u00e9e par une ceinture \u00e9lastique ajustable et un lacet d\u00e9licat au dos pour un [&#8230;]","protected":false},"featured_media":264,"comment_status":"open","ping_status":"closed","template":"","meta":[],"product_brand":[],"product_cat":[18],"product_tag":[],"class_list":{"0":"post-127","1":"product","2":"type-product","3":"status-publish","4":"has-post-thumbnail","6":"product_cat-promotions","8":"first","9":"outofstock","10":"sale","11":"shipping-taxable","12":"purchasable","13":"product-type-variable"},"yoast_head":"<!-- This site is optimized with the Yoast SEO plugin v24.3 - https:\/\/yoast.com\/wordpress\/plugins\/seo\/ -->\n<title>Dolce - Vieu Rose - Cocon concept<\/title>\n<meta name=\"description\" content=\"D\u00e9couvrez la Dolce : une pi\u00e8ce incontournable au design \u00e9l\u00e9gant et raffin\u00e9, confectionn\u00e9e avec soin \u00e0 partir de tissus de haute qualit\u00e9 pour une sensation de douceur et de l\u00e9g\u00e8ret\u00e9.\" \/>\n<meta name=\"robots\" content=\"index, follow, max-snippet:-1, max-image-preview:large, max-video-preview:-1\" \/>\n<link rel=\"canonical\" href=\"https:\/\/cocon-concept.fr\/en\/product\/dolce-beige\/\" \/>\n<meta property=\"og:locale\" content=\"en_US\" \/>\n<meta property=\"og:type\" content=\"article\" \/>\n<meta property=\"og:title\" content=\"Dolce - Vieu Rose - Cocon concept\" \/>\n<meta property=\"og:description\" content=\"D\u00e9couvrez la Dolce : une pi\u00e8ce incontournable au design \u00e9l\u00e9gant et raffin\u00e9, confectionn\u00e9e avec soin \u00e0 partir de tissus de haute qualit\u00e9 pour une sensation de douceur et de l\u00e9g\u00e8ret\u00e9.\" \/>\n<meta property=\"og:url\" content=\"https:\/\/cocon-concept.fr\/en\/product\/dolce-beige\/\" \/>\n<meta property=\"og:site_name\" content=\"Cocon concept\" \/>\n<meta property=\"article:modified_time\" content=\"2026-05-06T16:15:34+00:00\" \/>\n<meta property=\"og:image\" content=\"https:\/\/cocon-concept.fr\/wp-content\/uploads\/2024\/04\/IMG_4819-scaled.jpeg\" \/>\n\t<meta property=\"og:image:width\" content=\"1440\" \/>\n\t<meta property=\"og:image:height\" content=\"2560\" \/>\n\t<meta property=\"og:image:type\" content=\"image\/jpeg\" \/>\n<meta name=\"twitter:card\" content=\"summary_large_image\" \/>\n<meta name=\"twitter:label1\" content=\"Est. reading time\" \/>\n\t<meta name=\"twitter:data1\" content=\"2 minutes\" \/>\n<script type=\"application\/ld+json\" class=\"yoast-schema-graph\">{\"@context\":\"https:\/\/schema.org\",\"@graph\":[{\"@type\":\"WebPage\",\"@id\":\"https:\/\/cocon-concept.fr\/produit\/dolce-beige\",\"url\":\"https:\/\/cocon-concept.fr\/produit\/dolce-beige\",\"name\":\"Dolce - Vieu Rose - Cocon concept\",\"isPartOf\":{\"@id\":\"https:\/\/cocon-concept.fr\/#website\"},\"primaryImageOfPage\":{\"@id\":\"https:\/\/cocon-concept.fr\/produit\/dolce-beige#primaryimage\"},\"image\":{\"@id\":\"https:\/\/cocon-concept.fr\/produit\/dolce-beige#primaryimage\"},\"thumbnailUrl\":\"https:\/\/i0.wp.com\/cocon-concept.fr\/wp-content\/uploads\/2024\/04\/IMG_4819-scaled.jpeg?fit=1440%2C2560&ssl=1\",\"datePublished\":\"2024-04-18T20:59:18+00:00\",\"dateModified\":\"2026-05-06T16:15:34+00:00\",\"description\":\"D\u00e9couvrez la Dolce : une pi\u00e8ce incontournable au design \u00e9l\u00e9gant et raffin\u00e9, confectionn\u00e9e avec soin \u00e0 partir de tissus de haute qualit\u00e9 pour une sensation de douceur et de l\u00e9g\u00e8ret\u00e9.\",\"breadcrumb\":{\"@id\":\"https:\/\/cocon-concept.fr\/produit\/dolce-beige#breadcrumb\"},\"inLanguage\":\"en-US\",\"potentialAction\":[{\"@type\":\"ReadAction\",\"target\":[\"https:\/\/cocon-concept.fr\/produit\/dolce-beige\"]}]},{\"@type\":\"ImageObject\",\"inLanguage\":\"en-US\",\"@id\":\"https:\/\/cocon-concept.fr\/produit\/dolce-beige#primaryimage\",\"url\":\"https:\/\/i0.wp.com\/cocon-concept.fr\/wp-content\/uploads\/2024\/04\/IMG_4819-scaled.jpeg?fit=1440%2C2560&ssl=1\",\"contentUrl\":\"https:\/\/i0.wp.com\/cocon-concept.fr\/wp-content\/uploads\/2024\/04\/IMG_4819-scaled.jpeg?fit=1440%2C2560&ssl=1\",\"width\":1440,\"height\":2560},{\"@type\":\"BreadcrumbList\",\"@id\":\"https:\/\/cocon-concept.fr\/produit\/dolce-beige#breadcrumb\",\"itemListElement\":[{\"@type\":\"ListItem\",\"position\":1,\"name\":\"Accueil\",\"item\":\"https:\/\/cocon-concept.fr\/\"},{\"@type\":\"ListItem\",\"position\":2,\"name\":\"Boutique\",\"item\":\"https:\/\/cocon-concept.fr\/boutique\"},{\"@type\":\"ListItem\",\"position\":3,\"name\":\"Dolce &#8211; Vieu Rose\"}]},{\"@type\":\"WebSite\",\"@id\":\"https:\/\/cocon-concept.fr\/#website\",\"url\":\"https:\/\/cocon-concept.fr\/\",\"name\":\"Cocon concept\",\"description\":\"\",\"potentialAction\":[{\"@type\":\"SearchAction\",\"target\":{\"@type\":\"EntryPoint\",\"urlTemplate\":\"https:\/\/cocon-concept.fr\/?s={search_term_string}\"},\"query-input\":{\"@type\":\"PropertyValueSpecification\",\"valueRequired\":true,\"valueName\":\"search_term_string\"}}],\"inLanguage\":\"en-US\"}]}<\/script>\n<!-- \/ Yoast SEO plugin. -->","yoast_head_json":{"title":"Dolce - Vieu Rose - Cocon concept","description":"D\u00e9couvrez la Dolce : une pi\u00e8ce incontournable au design \u00e9l\u00e9gant et raffin\u00e9, confectionn\u00e9e avec soin \u00e0 partir de tissus de haute qualit\u00e9 pour une sensation de douceur et de l\u00e9g\u00e8ret\u00e9.","robots":{"index":"index","follow":"follow","max-snippet":"max-snippet:-1","max-image-preview":"max-image-preview:large","max-video-preview":"max-video-preview:-1"},"canonical":"https:\/\/cocon-concept.fr\/en\/product\/dolce-beige\/","og_locale":"en_US","og_type":"article","og_title":"Dolce - Vieu Rose - Cocon concept","og_description":"D\u00e9couvrez la Dolce : une pi\u00e8ce incontournable au design \u00e9l\u00e9gant et raffin\u00e9, confectionn\u00e9e avec soin \u00e0 partir de tissus de haute qualit\u00e9 pour une sensation de douceur et de l\u00e9g\u00e8ret\u00e9.","og_url":"https:\/\/cocon-concept.fr\/en\/product\/dolce-beige\/","og_site_name":"Cocon concept","article_modified_time":"2026-05-06T16:15:34+00:00","og_image":[{"width":1440,"height":2560,"url":"https:\/\/cocon-concept.fr\/wp-content\/uploads\/2024\/04\/IMG_4819-scaled.jpeg","type":"image\/jpeg"}],"twitter_card":"summary_large_image","twitter_misc":{"Est. reading time":"2 minutes"},"schema":{"@context":"https:\/\/schema.org","@graph":[{"@type":"WebPage","@id":"https:\/\/cocon-concept.fr\/produit\/dolce-beige","url":"https:\/\/cocon-concept.fr\/produit\/dolce-beige","name":"Dolce - Vieu Rose - Cocon concept","isPartOf":{"@id":"https:\/\/cocon-concept.fr\/#website"},"primaryImageOfPage":{"@id":"https:\/\/cocon-concept.fr\/produit\/dolce-beige#primaryimage"},"image":{"@id":"https:\/\/cocon-concept.fr\/produit\/dolce-beige#primaryimage"},"thumbnailUrl":"https:\/\/i0.wp.com\/cocon-concept.fr\/wp-content\/uploads\/2024\/04\/IMG_4819-scaled.jpeg?fit=1440%2C2560&ssl=1","datePublished":"2024-04-18T20:59:18+00:00","dateModified":"2026-05-06T16:15:34+00:00","description":"D\u00e9couvrez la Dolce : une pi\u00e8ce incontournable au design \u00e9l\u00e9gant et raffin\u00e9, confectionn\u00e9e avec soin \u00e0 partir de tissus de haute qualit\u00e9 pour une sensation de douceur et de l\u00e9g\u00e8ret\u00e9.","breadcrumb":{"@id":"https:\/\/cocon-concept.fr\/produit\/dolce-beige#breadcrumb"},"inLanguage":"en-US","potentialAction":[{"@type":"ReadAction","target":["https:\/\/cocon-concept.fr\/produit\/dolce-beige"]}]},{"@type":"ImageObject","inLanguage":"en-US","@id":"https:\/\/cocon-concept.fr\/produit\/dolce-beige#primaryimage","url":"https:\/\/i0.wp.com\/cocon-concept.fr\/wp-content\/uploads\/2024\/04\/IMG_4819-scaled.jpeg?fit=1440%2C2560&ssl=1","contentUrl":"https:\/\/i0.wp.com\/cocon-concept.fr\/wp-content\/uploads\/2024\/04\/IMG_4819-scaled.jpeg?fit=1440%2C2560&ssl=1","width":1440,"height":2560},{"@type":"BreadcrumbList","@id":"https:\/\/cocon-concept.fr\/produit\/dolce-beige#breadcrumb","itemListElement":[{"@type":"ListItem","position":1,"name":"Accueil","item":"https:\/\/cocon-concept.fr\/"},{"@type":"ListItem","position":2,"name":"Boutique","item":"https:\/\/cocon-concept.fr\/boutique"},{"@type":"ListItem","position":3,"name":"Dolce &#8211; Vieu Rose"}]},{"@type":"WebSite","@id":"https:\/\/cocon-concept.fr\/#website","url":"https:\/\/cocon-concept.fr\/","name":"Cocon concept","description":"","potentialAction":[{"@type":"SearchAction","target":{"@type":"EntryPoint","urlTemplate":"https:\/\/cocon-concept.fr\/?s={search_term_string}"},"query-input":{"@type":"PropertyValueSpecification","valueRequired":true,"valueName":"search_term_string"}}],"inLanguage":"en-US"}]}},"jetpack_sharing_enabled":true,"_links":{"self":[{"href":"https:\/\/cocon-concept.fr\/en\/wp-json\/wp\/v2\/product\/127","targetHints":{"allow":["GET"]}}],"collection":[{"href":"https:\/\/cocon-concept.fr\/en\/wp-json\/wp\/v2\/product"}],"about":[{"href":"https:\/\/cocon-concept.fr\/en\/wp-json\/wp\/v2\/types\/product"}],"replies":[{"embeddable":true,"href":"https:\/\/cocon-concept.fr\/en\/wp-json\/wp\/v2\/comments?post=127"}],"wp:featuredmedia":[{"embeddable":true,"href":"https:\/\/cocon-concept.fr\/en\/wp-json\/wp\/v2\/media\/264"}],"wp:attachment":[{"href":"https:\/\/cocon-concept.fr\/en\/wp-json\/wp\/v2\/media?parent=127"}],"wp:term":[{"taxonomy":"product_brand","embeddable":true,"href":"https:\/\/cocon-concept.fr\/en\/wp-json\/wp\/v2\/product_brand?post=127"},{"taxonomy":"product_cat","embeddable":true,"href":"https:\/\/cocon-concept.fr\/en\/wp-json\/wp\/v2\/product_cat?post=127"},{"taxonomy":"product_tag","embeddable":true,"href":"https:\/\/cocon-concept.fr\/en\/wp-json\/wp\/v2\/product_tag?post=127"}],"curies":[{"name":"wp","href":"https:\/\/api.w.org\/{rel}","templated":true}]}}