{"id":47,"date":"2024-04-16T22:37:13","date_gmt":"2024-04-16T22:37:13","guid":{"rendered":"http:\/\/cocon-concept.fr\/?page_id=47"},"modified":"2024-07-15T18:01:27","modified_gmt":"2024-07-15T18:01:27","slug":"a-propos","status":"publish","type":"page","link":"http:\/\/cocon-concept.fr\/en\/a-propos","title":{"rendered":"A propos"},"content":{"rendered":"<section class=\"section\" id=\"section_1577144406\">\n\t\t<div class=\"bg section-bg fill bg-fill\" >\n\n\t\t\t\n\t\t\t\n\t\t\t\n\n\t\t<\/div>\n\n\t\t\n\n\t\t<div class=\"section-content relative\">\n\t\t\t\n\n<div class=\"row\" style=\"max-width:1200px\" id=\"row-1387352108\">\n\n\n\t<div id=\"col-456757320\" class=\"col medium-5 small-12 large-5\"  >\n\t\t\t\t<div class=\"col-inner\"  >\n\t\t\t\n\t\t\t\n\n\t<div id=\"gap-2068394116\" class=\"gap-element clearfix\" style=\"display:block; height:auto;\">\n\t\t\n<style>\n#gap-2068394116 {\n  padding-top: 0px;\n}\n@media (min-width:850px) {\n  #gap-2068394116 {\n    padding-top: 30px;\n  }\n}\n<\/style>\n\t<\/div>\n\t\n\n\n\t\t<\/div>\n\t\t\t\t\t<\/div>\n\n\t\n\n\t<div id=\"col-721547636\" class=\"col medium-12 small-12 large-7\"  >\n\t\t\t\t<div class=\"col-inner\"  >\n\t\t\t\n\t\t\t\n\n\t<div id=\"gap-1966160145\" class=\"gap-element clearfix\" style=\"display:block; height:auto;\">\n\t\t\n<style>\n#gap-1966160145 {\n  padding-top: 30px;\n}\n<\/style>\n\t<\/div>\n\t\n\n\t<div id=\"text-3114212425\" class=\"text\">\n\t\t\n\n<h6>A propos de<\/h6>\n\t\t\n<style>\n#text-3114212425 {\n  font-size: 1rem;\n}\n@media (min-width:550px) {\n  #text-3114212425 {\n    font-size: 1.25rem;\n  }\n}\n<\/style>\n\t<\/div>\n\t\n\t<div id=\"text-1845347848\" class=\"text\">\n\t\t\n\n<h1>Cocon Concept<\/h1>\n\t\t\n<style>\n#text-1845347848 {\n  font-size: 2.5rem;\n}\n@media (min-width:550px) {\n  #text-1845347848 {\n    font-size: 2.5rem;\n  }\n}\n<\/style>\n\t<\/div>\n\t\n\n\t\t<\/div>\n\t\t\t\t\n<style>\n#col-721547636 > .col-inner {\n  padding: 0px 0px 0px 0;\n}\n@media (min-width:550px) {\n  #col-721547636 > .col-inner {\n    padding: 0px 0px 0px 30px;\n  }\n}\n<\/style>\n\t<\/div>\n\n\t\n\n<\/div>\n\n\t\t<\/div>\n\n\t\t\n<style>\n#section_1577144406 {\n  padding-top: 30px;\n  padding-bottom: 30px;\n  min-height: 300px;\n}\n#section_1577144406 .section-bg.bg-loaded {\n  background-image: url(https:\/\/cocon-concept.fr\/wp-content\/uploads\/2024\/04\/evie-s-Sw7f58YJbc0-unsplash.jpg);\n}\n#section_1577144406 .section-bg {\n  background-position: 65% 100%;\n}\n@media (min-width:550px) {\n  #section_1577144406 {\n    min-height: 450px;\n  }\n}\n@media (min-width:850px) {\n  #section_1577144406 {\n    min-height: 500px;\n  }\n}\n<\/style>\n\t<\/section>\n\t\n<div class=\"row\" style=\"max-width:1200px\" id=\"row-373695348\">\n\n\n\t<div id=\"col-217130463\" class=\"col medium-12 small-12 large-8\"  >\n\t\t\t\t<div class=\"col-inner\"  >\n\t\t\t\n\t\t\t\n\n\n  <div class=\"banner has-hover\" id=\"banner-1901070072\">\n          <div class=\"banner-inner fill\">\n        <div class=\"banner-bg fill\" >\n            <div class=\"bg fill bg-fill\"><\/div>\n                                    \n                    <\/div>\n\t\t\n        <div class=\"banner-layers container\">\n            <div class=\"fill banner-link\"><\/div>            \n\n   <div id=\"text-box-628863962\" class=\"text-box banner-layer x50 md-x50 lg-x50 y50 md-y50 lg-y50 res-text\">\n                                <div class=\"text-box-content text dark\">\n              \n              <div class=\"text-inner text-center\">\n                  \n\n\n              <\/div>\n           <\/div>\n                            \n<style>\n#text-box-628863962 {\n  width: 60%;\n}\n#text-box-628863962 .text-box-content {\n  font-size: 100%;\n}\n@media (min-width:550px) {\n  #text-box-628863962 {\n    width: 60%;\n  }\n}\n<\/style>\n    <\/div>\n \n\n        <\/div>\n      <\/div>\n\n            \n<style>\n#banner-1901070072 {\n  padding-top: 300px;\n  background-color: rgb(255, 255, 255);\n}\n#banner-1901070072 .bg.bg-loaded {\n  background-image: url(https:\/\/i0.wp.com\/cocon-concept.fr\/wp-content\/uploads\/2024\/04\/WhatsApp-Image-1445-10-08-at-00.57.46-1.jpeg?fit=1000%2C1000&ssl=1);\n}\n#banner-1901070072 .bg {\n  background-position: 50% 56%;\n}\n@media (min-width:550px) {\n  #banner-1901070072 {\n    padding-top: 500px;\n  }\n}\n@media (min-width:850px) {\n  #banner-1901070072 {\n    padding-top: 300px;\n  }\n}\n<\/style>\n  <\/div>\n\n\n\n\t\t<\/div>\n\t\t\t\t\n<style>\n#col-217130463 > .col-inner {\n  margin: -100px 0px 0px 0px;\n}\n@media (min-width:550px) {\n  #col-217130463 > .col-inner {\n    margin: -150px 0px 0px 0px;\n  }\n}\n@media (min-width:850px) {\n  #col-217130463 > .col-inner {\n    margin: -200px 0px 0px 0px;\n  }\n}\n<\/style>\n\t<\/div>\n\n\t\n\n\t<div id=\"col-782372959\" class=\"col medium-11 small-12 large-12\"  >\n\t\t\t\t<div class=\"col-inner\"  >\n\t\t\t\n\t\t\t\n\n\t<div id=\"text-3081356712\" class=\"text\">\n\t\t\n\n<p>Bienvenue chez Cocon Concept, o\u00f9 la mode rencontre la f\u00e9minit\u00e9, l&#8217;audace et l&#8217;\u00e9l\u00e9gance. Nous sommes bien plus qu&#8217;une simple marque de v\u00eatements pour femmes ; nous sommes une communaut\u00e9 passionn\u00e9e par l&#8217;expression de soi \u00e0 travers la mode.<\/p>\n<p>Notre histoire commence avec une vision : celle de cr\u00e9er des v\u00eatements qui inspirent confiance, c\u00e9l\u00e8brent la diversit\u00e9 et repoussent les limites de la cr\u00e9ativit\u00e9. Fond\u00e9e en 2021, Cocon Concept s&#8217;efforce de proposer des pi\u00e8ces uniques qui captivent les sens et \u00e9voquent des \u00e9motions.<\/p>\n<p>Chez Cocon Concept, chaque v\u00eatement est con\u00e7u avec soin et attention aux d\u00e9tails. Nous croyons en la qualit\u00e9, en utilisant uniquement les meilleurs mat\u00e9riaux pour garantir un confort optimal et une durabilit\u00e9 \u00e0 chaque pi\u00e8ce que vous portez.<\/p>\n<p>Mais au-del\u00e0 de la mode, nous aspirons \u00e0 c\u00e9l\u00e9brer le bien-\u00eatre et la beaut\u00e9 de toutes les femmes, ind\u00e9pendamment de leur taille, de leur forme ou de leur origine. Nous croyons en l&#8217;assurance des femmes \u00e0 travers nos cr\u00e9ations, en encourageant chacune \u00e0 embrasser sa propre singularit\u00e9.<\/p>\n<p>Rejoignez-nous dans notre voyage alors que nous continuons \u00e0 \u00e9crire notre histoire, une couture \u00e0 la fois. Explorez nos collections, d\u00e9couvrez notre passion et faites partie de notre communaut\u00e9 dynamique. Avec Cocon Concept, la mode devient une exp\u00e9rience, une expression de votre propre histoire.<\/p>\n<p>Merci de faire partie de notre histoire.<\/p>\n\t\t\n<style>\n#text-3081356712 {\n  text-align: center;\n}\n<\/style>\n\t<\/div>\n\t\n\n\t\t<\/div>\n\t\t\t\t\n<style>\n#col-782372959 > .col-inner {\n  padding: 0px 0px 0px 0;\n}\n@media (min-width:550px) {\n  #col-782372959 > .col-inner {\n    padding: 0px 0px 0px 30px;\n  }\n}\n<\/style>\n\t<\/div>\n\n\t\n\n<\/div>\n\t<section class=\"section\" id=\"section_1403984573\">\n\t\t<div class=\"bg section-bg fill bg-fill  bg-loaded\" >\n\n\t\t\t\n\t\t\t\n\t\t\t\n\n\t\t<\/div>\n\n\t\t\n\n\t\t<div class=\"section-content relative\">\n\t\t\t\n\n<div class=\"row\" style=\"max-width:1200px\" id=\"row-374314295\">\n\n\n\t<div id=\"col-2085851310\" class=\"col small-12 large-12\"  >\n\t\t\t\t<div class=\"col-inner\"  >\n\t\t\t\n\t\t\t\n\n\t<div id=\"text-3473306891\" class=\"text\">\n\t\t\n\n<h6>Cocon concept<\/h6>\n\t\t\n<style>\n#text-3473306891 {\n  font-size: 1.1rem;\n  text-align: center;\n}\n<\/style>\n\t<\/div>\n\t\n\t<div id=\"text-2818540661\" class=\"text\">\n\t\t\n\n<h1>En 6 points<\/h1>\n\t\t\n<style>\n#text-2818540661 {\n  font-size: 1.75rem;\n  text-align: center;\n}\n<\/style>\n\t<\/div>\n\t\n\n\t\t<\/div>\n\t\t\t\t\t<\/div>\n\n\t\n\n<\/div>\n<div class=\"row row-large row-solid\" style=\"max-width:1200px\" id=\"row-1275574398\">\n\n\n\t<div id=\"col-606653615\" class=\"col medium-10 small-12 large-6\"  >\n\t\t\t\t<div class=\"col-inner\"  >\n\t\t\t\n\t\t\t\n\n\n\t\t<div class=\"icon-box featured-box icon-box-left text-left\"  >\n\t\t\t\t\t<div class=\"icon-box-img\" style=\"width: 69px\">\n\t\t\t\t<div class=\"icon\">\n\t\t\t\t\t<div class=\"icon-inner\" >\n\t\t\t\t\t\t<img loading=\"lazy\" decoding=\"async\" width=\"120\" height=\"120\" src=\"https:\/\/i0.wp.com\/cocon-concept.fr\/wp-content\/uploads\/2024\/04\/check-line.png?fit=120%2C120&amp;ssl=1\" class=\"attachment-medium size-medium\" alt=\"\" srcset=\"https:\/\/i0.wp.com\/cocon-concept.fr\/wp-content\/uploads\/2024\/04\/check-line.png?w=120&amp;ssl=1 120w, https:\/\/i0.wp.com\/cocon-concept.fr\/wp-content\/uploads\/2024\/04\/check-line.png?resize=100%2C100&amp;ssl=1 100w\" sizes=\"auto, (max-width: 120px) 100vw, 120px\" \/>\t\t\t\t\t<\/div>\n\t\t\t\t<\/div>\n\t\t\t<\/div>\n\t\t\t\t<div class=\"icon-box-text last-reset\">\n\t\t\t\t\t\t\t\t\t\n\n\t<div id=\"text-46313107\" class=\"text\">\n\t\t\n\n<p>&nbsp;<\/p>\n<p>Une marque cr\u00e9e par une femme pour les femmes<\/p>\n\t\t\n<style>\n#text-46313107 {\n  line-height: 0.75;\n}\n<\/style>\n\t<\/div>\n\t\n\n\t\t<\/div>\n\t<\/div>\n\t\n\t\n\t<div id=\"gap-1076861402\" class=\"gap-element clearfix\" style=\"display:block; height:auto;\">\n\t\t\n<style>\n#gap-1076861402 {\n  padding-top: 30px;\n}\n<\/style>\n\t<\/div>\n\t\n\n\n\t\t<div class=\"icon-box featured-box icon-box-left text-left\"  >\n\t\t\t\t\t<div class=\"icon-box-img\" style=\"width: 69px\">\n\t\t\t\t<div class=\"icon\">\n\t\t\t\t\t<div class=\"icon-inner\" >\n\t\t\t\t\t\t<img loading=\"lazy\" decoding=\"async\" width=\"120\" height=\"120\" src=\"https:\/\/i0.wp.com\/cocon-concept.fr\/wp-content\/uploads\/2024\/04\/check-line.png?fit=120%2C120&amp;ssl=1\" class=\"attachment-medium size-medium\" alt=\"\" srcset=\"https:\/\/i0.wp.com\/cocon-concept.fr\/wp-content\/uploads\/2024\/04\/check-line.png?w=120&amp;ssl=1 120w, https:\/\/i0.wp.com\/cocon-concept.fr\/wp-content\/uploads\/2024\/04\/check-line.png?resize=100%2C100&amp;ssl=1 100w\" sizes=\"auto, (max-width: 120px) 100vw, 120px\" \/>\t\t\t\t\t<\/div>\n\t\t\t\t<\/div>\n\t\t\t<\/div>\n\t\t\t\t<div class=\"icon-box-text last-reset\">\n\t\t\t\t\t\t\t\t\t\n\n\t<div id=\"text-3252983128\" class=\"text\">\n\t\t\n\n<p>&nbsp;<\/p>\n<p>Des v\u00eatements de haute qualit\u00e9<\/p>\n\t\t\n<style>\n#text-3252983128 {\n  line-height: 0.75;\n}\n<\/style>\n\t<\/div>\n\t\n\n\t\t<\/div>\n\t<\/div>\n\t\n\t\n\t<div id=\"gap-1355100947\" class=\"gap-element clearfix\" style=\"display:block; height:auto;\">\n\t\t\n<style>\n#gap-1355100947 {\n  padding-top: 30px;\n}\n<\/style>\n\t<\/div>\n\t\n\n\n\t\t<div class=\"icon-box featured-box icon-box-left text-left\"  >\n\t\t\t\t\t<div class=\"icon-box-img\" style=\"width: 69px\">\n\t\t\t\t<div class=\"icon\">\n\t\t\t\t\t<div class=\"icon-inner\" >\n\t\t\t\t\t\t<img loading=\"lazy\" decoding=\"async\" width=\"120\" height=\"120\" src=\"https:\/\/i0.wp.com\/cocon-concept.fr\/wp-content\/uploads\/2024\/04\/check-line.png?fit=120%2C120&amp;ssl=1\" class=\"attachment-medium size-medium\" alt=\"\" srcset=\"https:\/\/i0.wp.com\/cocon-concept.fr\/wp-content\/uploads\/2024\/04\/check-line.png?w=120&amp;ssl=1 120w, https:\/\/i0.wp.com\/cocon-concept.fr\/wp-content\/uploads\/2024\/04\/check-line.png?resize=100%2C100&amp;ssl=1 100w\" sizes=\"auto, (max-width: 120px) 100vw, 120px\" \/>\t\t\t\t\t<\/div>\n\t\t\t\t<\/div>\n\t\t\t<\/div>\n\t\t\t\t<div class=\"icon-box-text last-reset\">\n\t\t\t\t\t\t\t\t\t\n\n\t<div id=\"text-2073780505\" class=\"text\">\n\t\t\n\n<p>&nbsp;<\/p>\n<p>Une vari\u00e9t\u00e9 de styles<\/p>\n\t\t\n<style>\n#text-2073780505 {\n  line-height: 0.75;\n}\n<\/style>\n\t<\/div>\n\t\n\n\t\t<\/div>\n\t<\/div>\n\t\n\t\n\t<div id=\"gap-933924276\" class=\"gap-element clearfix\" style=\"display:block; height:auto;\">\n\t\t\n<style>\n#gap-933924276 {\n  padding-top: 30px;\n}\n<\/style>\n\t<\/div>\n\t\n\n\n\t\t<\/div>\n\t\t\t\t\n<style>\n#col-606653615 > .col-inner {\n  padding: 0px 0 0px 0px;\n}\n@media (min-width:850px) {\n  #col-606653615 > .col-inner {\n    padding: 0px 40px 0px 0px;\n  }\n}\n<\/style>\n\t<\/div>\n\n\t\n\n\t<div id=\"col-1009565900\" class=\"col medium-10 small-12 large-6\"  >\n\t\t\t\t<div class=\"col-inner\"  >\n\t\t\t\n\t\t\t\n\n\n\t\t<div class=\"icon-box featured-box icon-box-left text-left\"  >\n\t\t\t\t\t<div class=\"icon-box-img\" style=\"width: 69px\">\n\t\t\t\t<div class=\"icon\">\n\t\t\t\t\t<div class=\"icon-inner\" >\n\t\t\t\t\t\t<img loading=\"lazy\" decoding=\"async\" width=\"120\" height=\"120\" src=\"https:\/\/i0.wp.com\/cocon-concept.fr\/wp-content\/uploads\/2024\/04\/check-line.png?fit=120%2C120&amp;ssl=1\" class=\"attachment-medium size-medium\" alt=\"\" srcset=\"https:\/\/i0.wp.com\/cocon-concept.fr\/wp-content\/uploads\/2024\/04\/check-line.png?w=120&amp;ssl=1 120w, https:\/\/i0.wp.com\/cocon-concept.fr\/wp-content\/uploads\/2024\/04\/check-line.png?resize=100%2C100&amp;ssl=1 100w\" sizes=\"auto, (max-width: 120px) 100vw, 120px\" \/>\t\t\t\t\t<\/div>\n\t\t\t\t<\/div>\n\t\t\t<\/div>\n\t\t\t\t<div class=\"icon-box-text last-reset\">\n\t\t\t\t\t\t\t\t\t\n\n\t<div id=\"text-2710981280\" class=\"text\">\n\t\t\n\n<p>&nbsp;<\/p>\n<p>Le confort absolu \u00e0 la maison<\/p>\n\t\t\n<style>\n#text-2710981280 {\n  line-height: 0.75;\n}\n<\/style>\n\t<\/div>\n\t\n\n\t\t<\/div>\n\t<\/div>\n\t\n\t\n\t<div id=\"gap-11804072\" class=\"gap-element clearfix\" style=\"display:block; height:auto;\">\n\t\t\n<style>\n#gap-11804072 {\n  padding-top: 30px;\n}\n<\/style>\n\t<\/div>\n\t\n\n\n\t\t<div class=\"icon-box featured-box icon-box-left text-left\"  >\n\t\t\t\t\t<div class=\"icon-box-img\" style=\"width: 69px\">\n\t\t\t\t<div class=\"icon\">\n\t\t\t\t\t<div class=\"icon-inner\" >\n\t\t\t\t\t\t<img loading=\"lazy\" decoding=\"async\" width=\"120\" height=\"120\" src=\"https:\/\/i0.wp.com\/cocon-concept.fr\/wp-content\/uploads\/2024\/04\/check-line.png?fit=120%2C120&amp;ssl=1\" class=\"attachment-medium size-medium\" alt=\"\" srcset=\"https:\/\/i0.wp.com\/cocon-concept.fr\/wp-content\/uploads\/2024\/04\/check-line.png?w=120&amp;ssl=1 120w, https:\/\/i0.wp.com\/cocon-concept.fr\/wp-content\/uploads\/2024\/04\/check-line.png?resize=100%2C100&amp;ssl=1 100w\" sizes=\"auto, (max-width: 120px) 100vw, 120px\" \/>\t\t\t\t\t<\/div>\n\t\t\t\t<\/div>\n\t\t\t<\/div>\n\t\t\t\t<div class=\"icon-box-text last-reset\">\n\t\t\t\t\t\t\t\t\t\n\n\t<div id=\"text-2593416225\" class=\"text\">\n\t\t\n\n<p>&nbsp;<\/p>\n<p>Des designs intemporels&nbsp;<\/p>\n\t\t\n<style>\n#text-2593416225 {\n  line-height: 0.75;\n}\n<\/style>\n\t<\/div>\n\t\n\n\t\t<\/div>\n\t<\/div>\n\t\n\t\n\t<div id=\"gap-570058737\" class=\"gap-element clearfix\" style=\"display:block; height:auto;\">\n\t\t\n<style>\n#gap-570058737 {\n  padding-top: 30px;\n}\n<\/style>\n\t<\/div>\n\t\n\n\n\t\t<div class=\"icon-box featured-box icon-box-left text-left\"  >\n\t\t\t\t\t<div class=\"icon-box-img\" style=\"width: 69px\">\n\t\t\t\t<div class=\"icon\">\n\t\t\t\t\t<div class=\"icon-inner\" >\n\t\t\t\t\t\t<img loading=\"lazy\" decoding=\"async\" width=\"120\" height=\"120\" src=\"https:\/\/i0.wp.com\/cocon-concept.fr\/wp-content\/uploads\/2024\/04\/check-line.png?fit=120%2C120&amp;ssl=1\" class=\"attachment-medium size-medium\" alt=\"\" srcset=\"https:\/\/i0.wp.com\/cocon-concept.fr\/wp-content\/uploads\/2024\/04\/check-line.png?w=120&amp;ssl=1 120w, https:\/\/i0.wp.com\/cocon-concept.fr\/wp-content\/uploads\/2024\/04\/check-line.png?resize=100%2C100&amp;ssl=1 100w\" sizes=\"auto, (max-width: 120px) 100vw, 120px\" \/>\t\t\t\t\t<\/div>\n\t\t\t\t<\/div>\n\t\t\t<\/div>\n\t\t\t\t<div class=\"icon-box-text last-reset\">\n\t\t\t\t\t\t\t\t\t\n\n\t<div id=\"text-1511890754\" class=\"text\">\n\t\t\n\n<p>&nbsp;<\/p>\n<p>Excellent rapport qualit\u00e9-prix<\/p>\n\t\t\n<style>\n#text-1511890754 {\n  line-height: 0.75;\n}\n<\/style>\n\t<\/div>\n\t\n\n\t\t<\/div>\n\t<\/div>\n\t\n\t\n\n\t\t<\/div>\n\t\t\t\t\n<style>\n#col-1009565900 > .col-inner {\n  padding: 0px 0px 0px 0;\n}\n@media (min-width:850px) {\n  #col-1009565900 > .col-inner {\n    padding: 0px 0px 0px 30px;\n  }\n}\n<\/style>\n\t<\/div>\n\n\t\n\n<\/div>\n\t<div id=\"gap-427308253\" class=\"gap-element clearfix\" style=\"display:block; height:auto;\">\n\t\t\n<style>\n#gap-427308253 {\n  padding-top: 30px;\n}\n<\/style>\n\t<\/div>\n\t\n\n\n\t\t<\/div>\n\n\t\t\n<style>\n#section_1403984573 {\n  padding-top: 80px;\n  padding-bottom: 80px;\n  background-color: rgb(242, 238, 241);\n}\n<\/style>\n\t<\/section>\n\t                <div class=\"ml-embedded\" data-form=\"elyOLC\"><\/div>\n            <pre class=\"wp-block-code\"><code>\n<\/code><\/pre>","protected":false},"excerpt":{"rendered":"","protected":false},"author":1,"featured_media":0,"parent":0,"menu_order":0,"comment_status":"closed","ping_status":"closed","template":"","meta":{"footnotes":""},"class_list":["post-47","page","type-page","status-publish","hentry"],"yoast_head":"<!-- This site is optimized with the Yoast SEO plugin v24.3 - https:\/\/yoast.com\/wordpress\/plugins\/seo\/ -->\n<title>A propos - Cocon concept<\/title>\n<meta name=\"robots\" content=\"index, follow, max-snippet:-1, max-image-preview:large, max-video-preview:-1\" \/>\n<link rel=\"canonical\" href=\"https:\/\/cocon-concept.fr\/en\/a-propos\/\" \/>\n<meta property=\"og:locale\" content=\"en_US\" \/>\n<meta property=\"og:type\" content=\"article\" \/>\n<meta property=\"og:title\" content=\"A propos - Cocon concept\" \/>\n<meta property=\"og:url\" content=\"https:\/\/cocon-concept.fr\/en\/a-propos\/\" \/>\n<meta property=\"og:site_name\" content=\"Cocon concept\" \/>\n<meta property=\"article:modified_time\" content=\"2024-07-15T18:01:27+00:00\" \/>\n<meta name=\"twitter:card\" content=\"summary_large_image\" \/>\n<meta name=\"twitter:label1\" content=\"Est. reading time\" \/>\n\t<meta name=\"twitter:data1\" content=\"3 minutes\" \/>\n<script type=\"application\/ld+json\" class=\"yoast-schema-graph\">{\"@context\":\"https:\/\/schema.org\",\"@graph\":[{\"@type\":\"WebPage\",\"@id\":\"https:\/\/cocon-concept.fr\/a-propos\",\"url\":\"https:\/\/cocon-concept.fr\/a-propos\",\"name\":\"A propos - Cocon concept\",\"isPartOf\":{\"@id\":\"https:\/\/cocon-concept.fr\/#website\"},\"datePublished\":\"2024-04-16T22:37:13+00:00\",\"dateModified\":\"2024-07-15T18:01:27+00:00\",\"breadcrumb\":{\"@id\":\"https:\/\/cocon-concept.fr\/a-propos#breadcrumb\"},\"inLanguage\":\"en-US\",\"potentialAction\":[{\"@type\":\"ReadAction\",\"target\":[\"https:\/\/cocon-concept.fr\/a-propos\"]}]},{\"@type\":\"BreadcrumbList\",\"@id\":\"https:\/\/cocon-concept.fr\/a-propos#breadcrumb\",\"itemListElement\":[{\"@type\":\"ListItem\",\"position\":1,\"name\":\"Accueil\",\"item\":\"https:\/\/cocon-concept.fr\/\"},{\"@type\":\"ListItem\",\"position\":2,\"name\":\"A propos\"}]},{\"@type\":\"WebSite\",\"@id\":\"https:\/\/cocon-concept.fr\/#website\",\"url\":\"https:\/\/cocon-concept.fr\/\",\"name\":\"Cocon concept\",\"description\":\"\",\"potentialAction\":[{\"@type\":\"SearchAction\",\"target\":{\"@type\":\"EntryPoint\",\"urlTemplate\":\"https:\/\/cocon-concept.fr\/?s={search_term_string}\"},\"query-input\":{\"@type\":\"PropertyValueSpecification\",\"valueRequired\":true,\"valueName\":\"search_term_string\"}}],\"inLanguage\":\"en-US\"}]}<\/script>\n<!-- \/ Yoast SEO plugin. -->","yoast_head_json":{"title":"A propos - Cocon concept","robots":{"index":"index","follow":"follow","max-snippet":"max-snippet:-1","max-image-preview":"max-image-preview:large","max-video-preview":"max-video-preview:-1"},"canonical":"https:\/\/cocon-concept.fr\/en\/a-propos\/","og_locale":"en_US","og_type":"article","og_title":"A propos - Cocon concept","og_url":"https:\/\/cocon-concept.fr\/en\/a-propos\/","og_site_name":"Cocon concept","article_modified_time":"2024-07-15T18:01:27+00:00","twitter_card":"summary_large_image","twitter_misc":{"Est. reading time":"3 minutes"},"schema":{"@context":"https:\/\/schema.org","@graph":[{"@type":"WebPage","@id":"https:\/\/cocon-concept.fr\/a-propos","url":"https:\/\/cocon-concept.fr\/a-propos","name":"A propos - Cocon concept","isPartOf":{"@id":"https:\/\/cocon-concept.fr\/#website"},"datePublished":"2024-04-16T22:37:13+00:00","dateModified":"2024-07-15T18:01:27+00:00","breadcrumb":{"@id":"https:\/\/cocon-concept.fr\/a-propos#breadcrumb"},"inLanguage":"en-US","potentialAction":[{"@type":"ReadAction","target":["https:\/\/cocon-concept.fr\/a-propos"]}]},{"@type":"BreadcrumbList","@id":"https:\/\/cocon-concept.fr\/a-propos#breadcrumb","itemListElement":[{"@type":"ListItem","position":1,"name":"Accueil","item":"https:\/\/cocon-concept.fr\/"},{"@type":"ListItem","position":2,"name":"A propos"}]},{"@type":"WebSite","@id":"https:\/\/cocon-concept.fr\/#website","url":"https:\/\/cocon-concept.fr\/","name":"Cocon concept","description":"","potentialAction":[{"@type":"SearchAction","target":{"@type":"EntryPoint","urlTemplate":"https:\/\/cocon-concept.fr\/?s={search_term_string}"},"query-input":{"@type":"PropertyValueSpecification","valueRequired":true,"valueName":"search_term_string"}}],"inLanguage":"en-US"}]}},"jetpack_sharing_enabled":true,"_links":{"self":[{"href":"http:\/\/cocon-concept.fr\/en\/wp-json\/wp\/v2\/pages\/47","targetHints":{"allow":["GET"]}}],"collection":[{"href":"http:\/\/cocon-concept.fr\/en\/wp-json\/wp\/v2\/pages"}],"about":[{"href":"http:\/\/cocon-concept.fr\/en\/wp-json\/wp\/v2\/types\/page"}],"author":[{"embeddable":true,"href":"http:\/\/cocon-concept.fr\/en\/wp-json\/wp\/v2\/users\/1"}],"replies":[{"embeddable":true,"href":"http:\/\/cocon-concept.fr\/en\/wp-json\/wp\/v2\/comments?post=47"}],"version-history":[{"count":25,"href":"http:\/\/cocon-concept.fr\/en\/wp-json\/wp\/v2\/pages\/47\/revisions"}],"predecessor-version":[{"id":253,"href":"http:\/\/cocon-concept.fr\/en\/wp-json\/wp\/v2\/pages\/47\/revisions\/253"}],"wp:attachment":[{"href":"http:\/\/cocon-concept.fr\/en\/wp-json\/wp\/v2\/media?parent=47"}],"curies":[{"name":"wp","href":"https:\/\/api.w.org\/{rel}","templated":true}]}}