{"id":2,"date":"2024-04-13T13:44:28","date_gmt":"2024-04-13T13:44:28","guid":{"rendered":"http:\/\/cocon-concept.fr\/?page_id=2"},"modified":"2024-07-15T18:01:20","modified_gmt":"2024-07-15T18:01:20","slug":"faq","status":"publish","type":"page","link":"http:\/\/cocon-concept.fr\/en\/faq","title":{"rendered":"FAQ"},"content":{"rendered":"<section class=\"section\" id=\"section_1364589849\">\n\t\t<div class=\"bg section-bg fill bg-fill  bg-loaded\" >\n\n\t\t\t\n\t\t\t\n\t\t\t\n\n\t\t<\/div>\n\n\t\t\n\n\t\t<div class=\"section-content relative\">\n\t\t\t\n\n<div class=\"row align-center\"  id=\"row-208217529\">\n\n\n\t<div id=\"col-244967632\" class=\"col medium-10 small-12 large-8\"  >\n\t\t\t\t<div class=\"col-inner text-center\"  >\n\t\t\t\n\t\t\t\n\n<h1>FAQ<\/h1>\n<p>Toutes les questions les plus posez part les adeptes de Cocon<\/p>\n\n\t\t<\/div>\n\t\t\t\t\n<style>\n#col-244967632 > .col-inner {\n  margin: 0px 0px -40px 0px;\n}\n<\/style>\n\t<\/div>\n\n\t\n\n<\/div>\n<div class=\"row align-center\"  id=\"row-1740414951\">\n\n\n\t<div id=\"col-476375866\" class=\"col medium-12 small-12 large-10\"  >\n\t\t\t\t<div class=\"col-inner text-left\"  >\n\t\t\t\n\t\t\t\n\n<div class=\"is-divider divider clearfix\" style=\"margin-top:3em;margin-bottom:3em;max-width:100%;background-color:rgb(9, 14, 29);\"><\/div>\n\n<div class=\"row row-collapse\"  id=\"row-275268099\">\n\n\n\t<div id=\"col-848642689\" class=\"col medium-12 small-12 large-4\"  >\n\t\t\t\t<div class=\"col-inner\"  >\n\t\t\t\n\t\t\t\n\n\n\t\t<div class=\"icon-box featured-box icon-box-left text-left\"  style=\"margin:0px 0px 30px 0px;\">\n\t\t\t\t\t<div class=\"icon-box-img\" style=\"width: 60px\">\n\t\t\t\t<div class=\"icon\">\n\t\t\t\t\t<div class=\"icon-inner\" >\n\t\t\t\t\t\t<img loading=\"lazy\" decoding=\"async\" width=\"256\" height=\"256\" src=\"https:\/\/i0.wp.com\/cocon-concept.fr\/wp-content\/uploads\/2024\/04\/shipping-icon-flatelements.png?fit=256%2C256&amp;ssl=1\" class=\"attachment-medium size-medium\" alt=\"\" srcset=\"https:\/\/i0.wp.com\/cocon-concept.fr\/wp-content\/uploads\/2024\/04\/shipping-icon-flatelements.png?w=256&amp;ssl=1 256w, https:\/\/i0.wp.com\/cocon-concept.fr\/wp-content\/uploads\/2024\/04\/shipping-icon-flatelements.png?resize=150%2C150&amp;ssl=1 150w, https:\/\/i0.wp.com\/cocon-concept.fr\/wp-content\/uploads\/2024\/04\/shipping-icon-flatelements.png?resize=100%2C100&amp;ssl=1 100w\" sizes=\"auto, (max-width: 256px) 100vw, 256px\" \/>\t\t\t\t\t<\/div>\n\t\t\t\t<\/div>\n\t\t\t<\/div>\n\t\t\t\t<div class=\"icon-box-text last-reset\">\n\t\t\t\t\t\t\t\t\t\n\n<h3>Livraison<\/h3>\n\n\t\t<\/div>\n\t<\/div>\n\t\n\t\n\n\t\t<\/div>\n\t\t\t\t\t<\/div>\n\n\t\n\n\t<div id=\"col-1733400348\" class=\"col medium-12 small-12 large-8\"  >\n\t\t\t\t<div class=\"col-inner text-left\"  >\n\t\t\t\n\t\t\t\n\n<div class=\"accordion\">\n\n\t<div id=\"accordion-3610348958\" class=\"accordion-item\">\n\t\t<a id=\"accordion-3610348958-label\" class=\"accordion-title plain\" href=\"#accordion-item-puis-je-modifier-ma-commande-?\" aria-expanded=\"false\" aria-controls=\"accordion-3610348958-content\" >\n\t\t\t<button class=\"toggle\" aria-label=\"Toggle\"><i class=\"icon-angle-down\"><\/i><\/button>\n\t\t\t<span>Puis-je modifier ma commande ?<\/span>\n\t\t<\/a>\n\t\t<div id=\"accordion-3610348958-content\" class=\"accordion-inner\" aria-labelledby=\"accordion-3610348958-label\" >\n\t\t\t\n\n<p>Vous ne pouvez modifier votre commande que dans des cas bien pr\u00e9cis : changement de taille ou de couleur. Dans ces cas, contactez-nous au plus vite \u00e0 l&#8217;adresse contact@cocon-concept.fr avant que celle-ci ne soit exp\u00e9di\u00e9e. Ainsi, nous pourrons effectuer la modification dans la limite de notre stock disponible.<\/p>\n<p>Apr\u00e8s exp\u00e9dition de votre commande, il ne vous sera plus possible de modifier votre commande.<\/p>\n\n\t\t<\/div>\n\t<\/div>\n\t\n\t<div id=\"accordion-2740090879\" class=\"accordion-item\">\n\t\t<a id=\"accordion-2740090879-label\" class=\"accordion-title plain\" href=\"#accordion-item-puis-je-modifier-l&#039;adresse-de-livraison-?\" aria-expanded=\"false\" aria-controls=\"accordion-2740090879-content\" >\n\t\t\t<button class=\"toggle\" aria-label=\"Toggle\"><i class=\"icon-angle-down\"><\/i><\/button>\n\t\t\t<span>Puis-je modifier l'adresse de livraison ?<\/span>\n\t\t<\/a>\n\t\t<div id=\"accordion-2740090879-content\" class=\"accordion-inner\" aria-labelledby=\"accordion-2740090879-label\" >\n\t\t\t\n\n<p>En ayant assez \u00e0 votre compte client, vous pouvez modifier votre adresse de livraison.\u00a0<\/p>\n<p>Mon compte &gt; Adresses &gt; Adresse de livraison &gt; Modifier<\/p>\n\n\t\t<\/div>\n\t<\/div>\n\t\n\t<div id=\"accordion-685591139\" class=\"accordion-item\">\n\t\t<a id=\"accordion-685591139-label\" class=\"accordion-title plain\" href=\"#accordion-item-quel-sont-les-modes-de-livraison-?\" aria-expanded=\"false\" aria-controls=\"accordion-685591139-content\" >\n\t\t\t<button class=\"toggle\" aria-label=\"Toggle\"><i class=\"icon-angle-down\"><\/i><\/button>\n\t\t\t<span>Quel sont les modes de livraison ?<\/span>\n\t\t<\/a>\n\t\t<div id=\"accordion-685591139-content\" class=\"accordion-inner\" aria-labelledby=\"accordion-685591139-label\" >\n\t\t\t\n\n<p>Une fois votre commande exp\u00e9di\u00e9e, elle vous parvient soit \u00e0 votre <strong>domicile<\/strong> via <strong>Colissimo<\/strong> sous 2 \u00e0 4 jours ouvr\u00e9s ou soit au <strong>point relai<\/strong> via <strong>Mondial\u00a0<\/strong><b>Relay<\/b>\u00a0sous 3 \u00e0 5 jours ouvr\u00e9s.<\/p>\n\n\t\t<\/div>\n\t<\/div>\n\t\n\n<\/div>\n\n\t\t<\/div>\n\t\t\t\t\t<\/div>\n\n\t\n\n<\/div>\n<div class=\"is-divider divider clearfix\" style=\"margin-top:3em;margin-bottom:3em;max-width:100%;background-color:rgb(9, 14, 29);\"><\/div>\n\n<div class=\"row row-collapse\"  id=\"row-1411929857\">\n\n\n\t<div id=\"col-1263463580\" class=\"col medium-12 small-12 large-4\"  >\n\t\t\t\t<div class=\"col-inner\"  >\n\t\t\t\n\t\t\t\n\n\n\t\t<div class=\"icon-box featured-box icon-box-left text-left\"  style=\"margin:0px 0px 30px 0px;\">\n\t\t\t\t\t<div class=\"icon-box-img\" style=\"width: 60px\">\n\t\t\t\t<div class=\"icon\">\n\t\t\t\t\t<div class=\"icon-inner\" >\n\t\t\t\t\t\t<img loading=\"lazy\" decoding=\"async\" width=\"256\" height=\"256\" src=\"https:\/\/i0.wp.com\/cocon-concept.fr\/wp-content\/uploads\/2024\/04\/payment-icon-flatelements.png?fit=256%2C256&amp;ssl=1\" class=\"attachment-medium size-medium\" alt=\"\" srcset=\"https:\/\/i0.wp.com\/cocon-concept.fr\/wp-content\/uploads\/2024\/04\/payment-icon-flatelements.png?w=256&amp;ssl=1 256w, https:\/\/i0.wp.com\/cocon-concept.fr\/wp-content\/uploads\/2024\/04\/payment-icon-flatelements.png?resize=150%2C150&amp;ssl=1 150w, https:\/\/i0.wp.com\/cocon-concept.fr\/wp-content\/uploads\/2024\/04\/payment-icon-flatelements.png?resize=100%2C100&amp;ssl=1 100w\" sizes=\"auto, (max-width: 256px) 100vw, 256px\" \/>\t\t\t\t\t<\/div>\n\t\t\t\t<\/div>\n\t\t\t<\/div>\n\t\t\t\t<div class=\"icon-box-text last-reset\">\n\t\t\t\t\t\t\t\t\t\n\n<h3>Payement<\/h3>\n\n\t\t<\/div>\n\t<\/div>\n\t\n\t\n\n\t\t<\/div>\n\t\t\t\t\t<\/div>\n\n\t\n\n\t<div id=\"col-1643048838\" class=\"col medium-12 small-12 large-8\"  >\n\t\t\t\t<div class=\"col-inner text-left\"  >\n\t\t\t\n\t\t\t\n\n<div class=\"accordion\">\n\n\t<div id=\"accordion-2494915764\" class=\"accordion-item\">\n\t\t<a id=\"accordion-2494915764-label\" class=\"accordion-title plain\" href=\"#accordion-item-quel-sont-les-diff\u00e9rents-modes-de-payements-?\" aria-expanded=\"false\" aria-controls=\"accordion-2494915764-content\" >\n\t\t\t<button class=\"toggle\" aria-label=\"Toggle\"><i class=\"icon-angle-down\"><\/i><\/button>\n\t\t\t<span>Quel sont les diff\u00e9rents modes de payements ?<\/span>\n\t\t<\/a>\n\t\t<div id=\"accordion-2494915764-content\" class=\"accordion-inner\" aria-labelledby=\"accordion-2494915764-label\" >\n\t\t\t\n\n<div class=\"structured-component-text-block-paragraph\"><span class=\"structured-component-text zds-paragraph-m\">Lorsque vous r\u00e9aliserez votre achat, vous pourrez voir toutes les options disponibles pour votre commande : Visa, Carte Bleue, MasterCard, AmericanExpress, PayPal et ApplePay.<\/span><\/div>\n\n\t\t<\/div>\n\t<\/div>\n\t\n\t<div id=\"accordion-3983817579\" class=\"accordion-item\">\n\t\t<a id=\"accordion-3983817579-label\" class=\"accordion-title plain\" href=\"#accordion-item-puis-je-payer-en-plusieurs-fois-?\" aria-expanded=\"false\" aria-controls=\"accordion-3983817579-content\" >\n\t\t\t<button class=\"toggle\" aria-label=\"Toggle\"><i class=\"icon-angle-down\"><\/i><\/button>\n\t\t\t<span>Puis-je payer en plusieurs fois ?<\/span>\n\t\t<\/a>\n\t\t<div id=\"accordion-3983817579-content\" class=\"accordion-inner\" aria-labelledby=\"accordion-3983817579-label\" >\n\t\t\t\n\n<p>Il ne vous est possible de payer en plusieurs fois uniquement via PayPal.<\/p>\n\n\t\t<\/div>\n\t<\/div>\n\t\n\n<\/div>\n\n\t\t<\/div>\n\t\t\t\t\t<\/div>\n\n\t\n\n<\/div>\n<div class=\"is-divider divider clearfix\" style=\"margin-top:3em;margin-bottom:3em;max-width:100%;background-color:rgb(9, 14, 29);\"><\/div>\n\n<div class=\"row row-collapse\"  id=\"row-970846588\">\n\n\n\t<div id=\"col-1895611005\" class=\"col medium-12 small-12 large-4\"  >\n\t\t\t\t<div class=\"col-inner\"  >\n\t\t\t\n\t\t\t\n\n\n\t\t<div class=\"icon-box featured-box icon-box-left text-left\"  style=\"margin:0px 0px 30px 0px;\">\n\t\t\t\t\t<div class=\"icon-box-img\" style=\"width: 60px\">\n\t\t\t\t<div class=\"icon\">\n\t\t\t\t\t<div class=\"icon-inner\" >\n\t\t\t\t\t\t<img loading=\"lazy\" decoding=\"async\" width=\"256\" height=\"256\" src=\"https:\/\/i0.wp.com\/cocon-concept.fr\/wp-content\/uploads\/2024\/04\/returns-icon-flatelements.png?fit=256%2C256&amp;ssl=1\" class=\"attachment-medium size-medium\" alt=\"\" srcset=\"https:\/\/i0.wp.com\/cocon-concept.fr\/wp-content\/uploads\/2024\/04\/returns-icon-flatelements.png?w=256&amp;ssl=1 256w, https:\/\/i0.wp.com\/cocon-concept.fr\/wp-content\/uploads\/2024\/04\/returns-icon-flatelements.png?resize=150%2C150&amp;ssl=1 150w, https:\/\/i0.wp.com\/cocon-concept.fr\/wp-content\/uploads\/2024\/04\/returns-icon-flatelements.png?resize=100%2C100&amp;ssl=1 100w\" sizes=\"auto, (max-width: 256px) 100vw, 256px\" \/>\t\t\t\t\t<\/div>\n\t\t\t\t<\/div>\n\t\t\t<\/div>\n\t\t\t\t<div class=\"icon-box-text last-reset\">\n\t\t\t\t\t\t\t\t\t\n\n<h3>Retours<\/h3>\n\n\t\t<\/div>\n\t<\/div>\n\t\n\t\n\n\t\t<\/div>\n\t\t\t\t\t<\/div>\n\n\t\n\n\t<div id=\"col-1918306631\" class=\"col medium-12 small-12 large-8\"  >\n\t\t\t\t<div class=\"col-inner text-left\"  >\n\t\t\t\n\t\t\t\n\n<div class=\"accordion\">\n\n\t<div id=\"accordion-3925469862\" class=\"accordion-item\">\n\t\t<a id=\"accordion-3925469862-label\" class=\"accordion-title plain\" href=\"#accordion-item-puis-je-retourner-un-produit-?\" aria-expanded=\"false\" aria-controls=\"accordion-3925469862-content\" >\n\t\t\t<button class=\"toggle\" aria-label=\"Toggle\"><i class=\"icon-angle-down\"><\/i><\/button>\n\t\t\t<span>Puis-je retourner un produit ?<\/span>\n\t\t<\/a>\n\t\t<div id=\"accordion-3925469862-content\" class=\"accordion-inner\" aria-labelledby=\"accordion-3925469862-label\" >\n\t\t\t\n\n<p>Si vos articles ne vous conviennent pas, vous pouvez effectuer un retour.<\/p>\n<p>Voici les conditions de retour pour que vous puissiez effectuer votre retour :\u00a0<\/p>\n<p>&#8211; Vous devez faire votre retour dans le <strong>d\u00e9lai imparti de 20jours<\/strong> \u00e0 compter de la date d&#8217;exp\u00e9dition de votre commande;<\/p>\n<p>&#8211; Les articles doivent \u00eatre dans leur<strong> \u00e9tat d\u2019origine<\/strong>, non utilis\u00e9s,\u00a0conserver toutes les \u00e9tiquettes et dans leur emballage d&#8217;origine.<\/p>\n<p>Veuillez noter que les <strong>frais de retour<\/strong> sont \u00e0 votre charge et varient en fonction du colis.\u00a0<\/p>\n<p>Ainsi, si toutes les conditions sont r\u00e9unies, veuillez nous contacter par mail \u00e0 l&#8217;adresse\u00a0contact@cocon-concept.fr afin que nous puissions vous envoyez l&#8217;adresse \u00e0 laquelle effectuer le retour et les frais \u00e0 r\u00e9gler.\u00a0<\/p>\n\n\t\t<\/div>\n\t<\/div>\n\t\n\t<div id=\"accordion-375134768\" class=\"accordion-item\">\n\t\t<a id=\"accordion-375134768-label\" class=\"accordion-title plain\" href=\"#accordion-item-puis-je-\u00e9changer-un-produit-?\" aria-expanded=\"false\" aria-controls=\"accordion-375134768-content\" >\n\t\t\t<button class=\"toggle\" aria-label=\"Toggle\"><i class=\"icon-angle-down\"><\/i><\/button>\n\t\t\t<span>Puis-je \u00e9changer un produit ?<\/span>\n\t\t<\/a>\n\t\t<div id=\"accordion-375134768-content\" class=\"accordion-inner\" aria-labelledby=\"accordion-375134768-label\" >\n\t\t\t\n\n<p>Nous sommes d\u00e9sol\u00e9s mais les \u00e9changes ne sont pas encore possibles.<\/p>\n\n\t\t<\/div>\n\t<\/div>\n\t\n\t<div id=\"accordion-2846553278\" class=\"accordion-item\">\n\t\t<a id=\"accordion-2846553278-label\" class=\"accordion-title plain\" href=\"#accordion-item-dans-quel-cas-puis-je-demander-un-remboursement-?\" aria-expanded=\"false\" aria-controls=\"accordion-2846553278-content\" >\n\t\t\t<button class=\"toggle\" aria-label=\"Toggle\"><i class=\"icon-angle-down\"><\/i><\/button>\n\t\t\t<span>Dans quel cas puis-je demander un remboursement ?<\/span>\n\t\t<\/a>\n\t\t<div id=\"accordion-2846553278-content\" class=\"accordion-inner\" aria-labelledby=\"accordion-2846553278-label\" >\n\t\t\t\n\n<p>Vous pouvez effectuer une demande de remboursement de votre commande si les articles ne vous conviennent pas.\u00a0<\/p>\n<p>Cependant, vous devez d&#8217;abord effectuer un retour afin que nous puissions \u00e9tudier votre demande. Les conditions de retour sont cit\u00e9es ci-dessus dans la question &#8220;Puis-je retourner un produit ?&#8221;.\u00a0<\/p>\n<p>Une fois les conditions de retour respect\u00e9es et votre commande re\u00e7ue, nous proc\u00e9derons au remboursement.\u00a0<\/p>\n<p>Ce dernier sera envoy\u00e9<span class=\"structured-component-text zds-paragraph-m\"> sous le m\u00eame mode de paiement utilis\u00e9 pour votre achat.<\/span><\/p>\n<div class=\"structured-component-text-block-paragraph\"><span class=\"structured-component-text zds-paragraph-m\">Vous recevrez le montant dans un d\u00e9lai maximum de 20 jours, en fonction de votre banque.<\/span><\/div>\n\n\t\t<\/div>\n\t<\/div>\n\t\n\n<\/div>\n\n\t\t<\/div>\n\t\t\t\t\t<\/div>\n\n\t\n\n<\/div>\n\t<div id=\"gap-265175847\" class=\"gap-element clearfix\" style=\"display:block; height:auto;\">\n\t\t\n<style>\n#gap-265175847 {\n  padding-top: 60px;\n}\n<\/style>\n\t<\/div>\n\t\n\n<div class=\"row align-center\"  id=\"row-1828285423\">\n\n\n\t<div id=\"col-1475227690\" class=\"col small-12 large-12\"  >\n\t\t\t\t<div class=\"col-inner text-center\" style=\"background-color:rgb(244, 244, 244);\" >\n\t\t\t\n\t\t\t\n\n<h3>Tu as encore des questions ?<\/h3>\n<p>Contacte nous pour plus d&#8217;infos !<\/p>\n<a href=\"mailto:contact@cocon-concept.fr\" class=\"button primary\"  >\n    <span>contact<\/span>\n  <\/a>\n\n\n\n\t\t<\/div>\n\t\t\t\t\t<\/div>\n\n\t\n\n\n<style>\n#row-1828285423 > .col > .col-inner {\n  padding: 40px 20px 40px 20px;\n  background-color: rgb(244, 244, 244);\n}\n@media (min-width:550px) {\n  #row-1828285423 > .col > .col-inner {\n    padding: 40px 40px 40px 40px;\n  }\n}\n<\/style>\n<\/div>\n\n\t\t<\/div>\n\t\t\t\t\t<\/div>\n\n\t\n\n<\/div>\n\n\t\t<\/div>\n\n\t\t\n<style>\n#section_1364589849 {\n  padding-top: 60px;\n  padding-bottom: 60px;\n}\n<\/style>\n\t<\/section>","protected":false},"excerpt":{"rendered":"","protected":false},"author":1,"featured_media":0,"parent":0,"menu_order":0,"comment_status":"closed","ping_status":"closed","template":"","meta":{"footnotes":""},"class_list":["post-2","page","type-page","status-publish","hentry"],"yoast_head":"<!-- This site is optimized with the Yoast SEO plugin v24.3 - https:\/\/yoast.com\/wordpress\/plugins\/seo\/ -->\n<title>FAQ - Cocon concept<\/title>\n<meta name=\"robots\" content=\"index, follow, max-snippet:-1, max-image-preview:large, max-video-preview:-1\" \/>\n<link rel=\"canonical\" href=\"https:\/\/cocon-concept.fr\/en\/faq\/\" \/>\n<meta property=\"og:locale\" content=\"en_US\" \/>\n<meta property=\"og:type\" content=\"article\" \/>\n<meta property=\"og:title\" content=\"FAQ - Cocon concept\" \/>\n<meta property=\"og:url\" content=\"https:\/\/cocon-concept.fr\/en\/faq\/\" \/>\n<meta property=\"og:site_name\" content=\"Cocon concept\" \/>\n<meta property=\"article:modified_time\" content=\"2024-07-15T18:01:20+00:00\" \/>\n<meta name=\"twitter:card\" content=\"summary_large_image\" \/>\n<meta name=\"twitter:label1\" content=\"Est. reading time\" \/>\n\t<meta name=\"twitter:data1\" content=\"3 minutes\" \/>\n<script type=\"application\/ld+json\" class=\"yoast-schema-graph\">{\"@context\":\"https:\/\/schema.org\",\"@graph\":[{\"@type\":\"WebPage\",\"@id\":\"https:\/\/cocon-concept.fr\/faq\",\"url\":\"https:\/\/cocon-concept.fr\/faq\",\"name\":\"FAQ - Cocon concept\",\"isPartOf\":{\"@id\":\"https:\/\/cocon-concept.fr\/#website\"},\"datePublished\":\"2024-04-13T13:44:28+00:00\",\"dateModified\":\"2024-07-15T18:01:20+00:00\",\"breadcrumb\":{\"@id\":\"https:\/\/cocon-concept.fr\/faq#breadcrumb\"},\"inLanguage\":\"en-US\",\"potentialAction\":[{\"@type\":\"ReadAction\",\"target\":[\"https:\/\/cocon-concept.fr\/faq\"]}]},{\"@type\":\"BreadcrumbList\",\"@id\":\"https:\/\/cocon-concept.fr\/faq#breadcrumb\",\"itemListElement\":[{\"@type\":\"ListItem\",\"position\":1,\"name\":\"Accueil\",\"item\":\"https:\/\/cocon-concept.fr\/\"},{\"@type\":\"ListItem\",\"position\":2,\"name\":\"FAQ\"}]},{\"@type\":\"WebSite\",\"@id\":\"https:\/\/cocon-concept.fr\/#website\",\"url\":\"https:\/\/cocon-concept.fr\/\",\"name\":\"Cocon concept\",\"description\":\"\",\"potentialAction\":[{\"@type\":\"SearchAction\",\"target\":{\"@type\":\"EntryPoint\",\"urlTemplate\":\"https:\/\/cocon-concept.fr\/?s={search_term_string}\"},\"query-input\":{\"@type\":\"PropertyValueSpecification\",\"valueRequired\":true,\"valueName\":\"search_term_string\"}}],\"inLanguage\":\"en-US\"}]}<\/script>\n<!-- \/ Yoast SEO plugin. -->","yoast_head_json":{"title":"FAQ - Cocon concept","robots":{"index":"index","follow":"follow","max-snippet":"max-snippet:-1","max-image-preview":"max-image-preview:large","max-video-preview":"max-video-preview:-1"},"canonical":"https:\/\/cocon-concept.fr\/en\/faq\/","og_locale":"en_US","og_type":"article","og_title":"FAQ - Cocon concept","og_url":"https:\/\/cocon-concept.fr\/en\/faq\/","og_site_name":"Cocon concept","article_modified_time":"2024-07-15T18:01:20+00:00","twitter_card":"summary_large_image","twitter_misc":{"Est. reading time":"3 minutes"},"schema":{"@context":"https:\/\/schema.org","@graph":[{"@type":"WebPage","@id":"https:\/\/cocon-concept.fr\/faq","url":"https:\/\/cocon-concept.fr\/faq","name":"FAQ - Cocon concept","isPartOf":{"@id":"https:\/\/cocon-concept.fr\/#website"},"datePublished":"2024-04-13T13:44:28+00:00","dateModified":"2024-07-15T18:01:20+00:00","breadcrumb":{"@id":"https:\/\/cocon-concept.fr\/faq#breadcrumb"},"inLanguage":"en-US","potentialAction":[{"@type":"ReadAction","target":["https:\/\/cocon-concept.fr\/faq"]}]},{"@type":"BreadcrumbList","@id":"https:\/\/cocon-concept.fr\/faq#breadcrumb","itemListElement":[{"@type":"ListItem","position":1,"name":"Accueil","item":"https:\/\/cocon-concept.fr\/"},{"@type":"ListItem","position":2,"name":"FAQ"}]},{"@type":"WebSite","@id":"https:\/\/cocon-concept.fr\/#website","url":"https:\/\/cocon-concept.fr\/","name":"Cocon concept","description":"","potentialAction":[{"@type":"SearchAction","target":{"@type":"EntryPoint","urlTemplate":"https:\/\/cocon-concept.fr\/?s={search_term_string}"},"query-input":{"@type":"PropertyValueSpecification","valueRequired":true,"valueName":"search_term_string"}}],"inLanguage":"en-US"}]}},"jetpack_sharing_enabled":true,"_links":{"self":[{"href":"http:\/\/cocon-concept.fr\/en\/wp-json\/wp\/v2\/pages\/2","targetHints":{"allow":["GET"]}}],"collection":[{"href":"http:\/\/cocon-concept.fr\/en\/wp-json\/wp\/v2\/pages"}],"about":[{"href":"http:\/\/cocon-concept.fr\/en\/wp-json\/wp\/v2\/types\/page"}],"author":[{"embeddable":true,"href":"http:\/\/cocon-concept.fr\/en\/wp-json\/wp\/v2\/users\/1"}],"replies":[{"embeddable":true,"href":"http:\/\/cocon-concept.fr\/en\/wp-json\/wp\/v2\/comments?post=2"}],"version-history":[{"count":13,"href":"http:\/\/cocon-concept.fr\/en\/wp-json\/wp\/v2\/pages\/2\/revisions"}],"predecessor-version":[{"id":142,"href":"http:\/\/cocon-concept.fr\/en\/wp-json\/wp\/v2\/pages\/2\/revisions\/142"}],"wp:attachment":[{"href":"http:\/\/cocon-concept.fr\/en\/wp-json\/wp\/v2\/media?parent=2"}],"curies":[{"name":"wp","href":"https:\/\/api.w.org\/{rel}","templated":true}]}}